{"id":71910,"date":"2025-11-11T20:01:58","date_gmt":"2025-11-11T19:01:58","guid":{"rendered":"https:\/\/www.ernstbrunn-apotheke.at\/katalog\/produkt\/naturvital-silicium-kieselsaeure-elixier-330-ml\/"},"modified":"2025-12-08T18:20:33","modified_gmt":"2025-12-08T17:20:33","slug":"naturvital-silicium-kieselsaeure-elixier-330-ml","status":"publish","type":"product","link":"https:\/\/www.ernstbrunn-apotheke.at\/katalog\/produkt\/naturvital-silicium-kieselsaeure-elixier-330-ml\/","title":{"rendered":"Naturvital Silicium Kiesels\u00e4ure Elixier 330 ml"},"content":{"rendered":"<p>Naturvital Silicium Kiesels\u00e4ure Elixier 330 ml ist ein gehaltreiches Nahrungserg\u00e4nzungsmittel mit Kr\u00e4utern und Fr\u00fcchten das Sie dabei unterst\u00fctzt, Ihren Silicium-Speicher wieder aufzuf\u00fcllen. Eine speziell entwickelte Silicium-Kombination aus reinmineralischem, kolloidalem Silicium (Kiesels\u00e4ure) und nat\u00fcrlichem, pflanzlichem Silicium aus Bambus, Schachtelhalm und Brennessel garantiert die optimale Bioverf\u00fcgbarkeit und kann einen wesentlichen Beitrag zu Ihrer Gesundheit leisten.<\/p>\n","protected":false},"excerpt":{"rendered":"<p>Naturvital Silicium Kiesels\u00e4ure Elixier 330 ml ist ein gehaltreiches Nahrungserg\u00e4nzungsmittel mit Kr\u00e4utern und Fr\u00fcchten das Sie dabei unterst\u00fctzt, Ihren Silicium-Speicher wieder aufzuf\u00fcllen. Eine speziell entwickelte Silicium-Kombination aus reinmineralischem, kolloidalem Silicium (Kiesels\u00e4ure) und nat\u00fcrlichem, pflanzlichem Silicium aus Bambus, Schachtelhalm und Brennessel garantiert die optimale Bioverf\u00fcgbarkeit und kann einen wesentlichen Beitrag zu Ihrer Gesundheit leisten.<\/p>\n","protected":false},"featured_media":71912,"template":"","meta":{"_acf_changed":false},"product_brand":[],"product_cat":[797],"product_tag":[],"class_list":{"0":"post-71910","1":"product","2":"type-product","3":"status-publish","4":"has-post-thumbnail","6":"product_cat-n","7":"pa_packungsgroesse-330ml","9":"first","10":"instock","11":"shipping-taxable","12":"purchasable","13":"product-type-simple"},"acf":[],"_links":{"self":[{"href":"https:\/\/www.ernstbrunn-apotheke.at\/katalog\/wp-json\/wp\/v2\/product\/71910","targetHints":{"allow":["GET"]}}],"collection":[{"href":"https:\/\/www.ernstbrunn-apotheke.at\/katalog\/wp-json\/wp\/v2\/product"}],"about":[{"href":"https:\/\/www.ernstbrunn-apotheke.at\/katalog\/wp-json\/wp\/v2\/types\/product"}],"wp:featuredmedia":[{"embeddable":true,"href":"https:\/\/www.ernstbrunn-apotheke.at\/katalog\/wp-json\/wp\/v2\/media\/71912"}],"wp:attachment":[{"href":"https:\/\/www.ernstbrunn-apotheke.at\/katalog\/wp-json\/wp\/v2\/media?parent=71910"}],"wp:term":[{"taxonomy":"product_brand","embeddable":true,"href":"https:\/\/www.ernstbrunn-apotheke.at\/katalog\/wp-json\/wp\/v2\/product_brand?post=71910"},{"taxonomy":"product_cat","embeddable":true,"href":"https:\/\/www.ernstbrunn-apotheke.at\/katalog\/wp-json\/wp\/v2\/product_cat?post=71910"},{"taxonomy":"product_tag","embeddable":true,"href":"https:\/\/www.ernstbrunn-apotheke.at\/katalog\/wp-json\/wp\/v2\/product_tag?post=71910"}],"curies":[{"name":"wp","href":"https:\/\/api.w.org\/{rel}","templated":true}]}}