{"id":71882,"date":"2025-11-11T20:01:25","date_gmt":"2025-11-11T19:01:25","guid":{"rendered":"https:\/\/www.ernstbrunn-apotheke.at\/katalog\/produkt\/tetesept-duschbad-erkaeltung-250-ml\/"},"modified":"2025-12-08T18:20:23","modified_gmt":"2025-12-08T17:20:23","slug":"tetesept-duschbad-erkaeltung-250-ml","status":"publish","type":"product","link":"https:\/\/www.ernstbrunn-apotheke.at\/katalog\/produkt\/tetesept-duschbad-erkaeltung-250-ml\/","title":{"rendered":"Tetesept Duschbad Erk\u00e4ltung 250 ml"},"content":{"rendered":"<p>Tetesept Duschbad Erk\u00e4ltungszeit belebt, erfrischt, l\u00e4sst einen Tag gut beginnen &#8211; und kann gleichzeitig auch gesund sein! Denn mit tetesept Duschb\u00e4dern wird ihre Dusche zum Gesundheits- und Pflege-Erlebnis.<\/p>\n","protected":false},"excerpt":{"rendered":"<p>Tetesept Duschbad Erk\u00e4ltungszeit belebt, erfrischt, l\u00e4sst einen Tag gut beginnen &#8211; und kann gleichzeitig auch gesund sein! Denn mit tetesept Duschb\u00e4dern wird ihre Dusche zum Gesundheits- und Pflege-Erlebnis.<\/p>\n","protected":false},"featured_media":71884,"template":"","meta":{"_acf_changed":false},"product_brand":[487],"product_cat":[798],"product_tag":[],"class_list":{"0":"post-71882","1":"product","2":"type-product","3":"status-publish","4":"has-post-thumbnail","6":"product_brand-tetesept","7":"product_cat-t","8":"pa_packungsgroesse-250ml","10":"first","11":"instock","12":"shipping-taxable","13":"purchasable","14":"product-type-simple"},"acf":[],"_links":{"self":[{"href":"https:\/\/www.ernstbrunn-apotheke.at\/katalog\/wp-json\/wp\/v2\/product\/71882","targetHints":{"allow":["GET"]}}],"collection":[{"href":"https:\/\/www.ernstbrunn-apotheke.at\/katalog\/wp-json\/wp\/v2\/product"}],"about":[{"href":"https:\/\/www.ernstbrunn-apotheke.at\/katalog\/wp-json\/wp\/v2\/types\/product"}],"wp:featuredmedia":[{"embeddable":true,"href":"https:\/\/www.ernstbrunn-apotheke.at\/katalog\/wp-json\/wp\/v2\/media\/71884"}],"wp:attachment":[{"href":"https:\/\/www.ernstbrunn-apotheke.at\/katalog\/wp-json\/wp\/v2\/media?parent=71882"}],"wp:term":[{"taxonomy":"product_brand","embeddable":true,"href":"https:\/\/www.ernstbrunn-apotheke.at\/katalog\/wp-json\/wp\/v2\/product_brand?post=71882"},{"taxonomy":"product_cat","embeddable":true,"href":"https:\/\/www.ernstbrunn-apotheke.at\/katalog\/wp-json\/wp\/v2\/product_cat?post=71882"},{"taxonomy":"product_tag","embeddable":true,"href":"https:\/\/www.ernstbrunn-apotheke.at\/katalog\/wp-json\/wp\/v2\/product_tag?post=71882"}],"curies":[{"name":"wp","href":"https:\/\/api.w.org\/{rel}","templated":true}]}}