{"id":71831,"date":"2025-11-11T20:00:15","date_gmt":"2025-11-11T19:00:15","guid":{"rendered":"https:\/\/www.ernstbrunn-apotheke.at\/katalog\/produkt\/inulin-420mg-kapseln-2\/"},"modified":"2025-12-08T18:20:08","modified_gmt":"2025-12-08T17:20:08","slug":"inulin-420mg-kapseln-2","status":"publish","type":"product","link":"https:\/\/www.ernstbrunn-apotheke.at\/katalog\/produkt\/inulin-420mg-kapseln-2\/","title":{"rendered":"Inulin 420mg Kapseln"},"content":{"rendered":"<p>Gall Pharma Inulin 420 mg Kapseln 180 Stk. beeinflussen mit ihren pr\u00e4biotischen Eigenschaften ein weites Spektrum von Abl\u00e4ufen im K\u00f6rper. Inulin ist ein besonderer Ballaststoff, der die Aufnahme von Calcium und Magnesium erh\u00f6hen kann und daf\u00fcr sorgt, dass der K\u00f6rper diese Mineralstoffe auch besser speichern kann. Damit tr\u00e4gt Inulin entscheidend zu einem gesunden Knochenapparat bei. Insbesondere bei der Vorbeugung gegen Osteoporose spielen diese Mineralstoffe eine wichtige Rolle<\/p>\n","protected":false},"excerpt":{"rendered":"<p>Gall Pharma Inulin 420 mg Kapseln 180 Stk. beeinflussen mit ihren pr\u00e4biotischen Eigenschaften ein weites Spektrum von Abl\u00e4ufen im K\u00f6rper. Inulin ist ein besonderer Ballaststoff, der die Aufnahme von Calcium und Magnesium erh\u00f6hen kann und daf\u00fcr sorgt, dass der K\u00f6rper diese Mineralstoffe auch besser speichern kann. Damit tr\u00e4gt Inulin entscheidend zu einem gesunden Knochenapparat bei. [&hellip;]<\/p>\n","protected":false},"featured_media":71833,"template":"","meta":{"_acf_changed":false},"product_brand":[371],"product_cat":[823],"product_tag":[],"class_list":{"0":"post-71831","1":"product","2":"type-product","3":"status-publish","4":"has-post-thumbnail","6":"product_brand-gall-pharma","7":"product_cat-i","8":"pa_packungsgroesse-180-stueck","10":"first","11":"instock","12":"shipping-taxable","13":"purchasable","14":"product-type-simple"},"acf":[],"_links":{"self":[{"href":"https:\/\/www.ernstbrunn-apotheke.at\/katalog\/wp-json\/wp\/v2\/product\/71831","targetHints":{"allow":["GET"]}}],"collection":[{"href":"https:\/\/www.ernstbrunn-apotheke.at\/katalog\/wp-json\/wp\/v2\/product"}],"about":[{"href":"https:\/\/www.ernstbrunn-apotheke.at\/katalog\/wp-json\/wp\/v2\/types\/product"}],"wp:featuredmedia":[{"embeddable":true,"href":"https:\/\/www.ernstbrunn-apotheke.at\/katalog\/wp-json\/wp\/v2\/media\/71833"}],"wp:attachment":[{"href":"https:\/\/www.ernstbrunn-apotheke.at\/katalog\/wp-json\/wp\/v2\/media?parent=71831"}],"wp:term":[{"taxonomy":"product_brand","embeddable":true,"href":"https:\/\/www.ernstbrunn-apotheke.at\/katalog\/wp-json\/wp\/v2\/product_brand?post=71831"},{"taxonomy":"product_cat","embeddable":true,"href":"https:\/\/www.ernstbrunn-apotheke.at\/katalog\/wp-json\/wp\/v2\/product_cat?post=71831"},{"taxonomy":"product_tag","embeddable":true,"href":"https:\/\/www.ernstbrunn-apotheke.at\/katalog\/wp-json\/wp\/v2\/product_tag?post=71831"}],"curies":[{"name":"wp","href":"https:\/\/api.w.org\/{rel}","templated":true}]}}