{"id":71698,"date":"2025-11-11T19:57:50","date_gmt":"2025-11-11T18:57:50","guid":{"rendered":"https:\/\/www.ernstbrunn-apotheke.at\/katalog\/produkt\/aponorm-basis-blutdruckmessgeraet\/"},"modified":"2025-12-08T18:19:23","modified_gmt":"2025-12-08T17:19:23","slug":"aponorm-basis-blutdruckmessgeraet","status":"publish","type":"product","link":"https:\/\/www.ernstbrunn-apotheke.at\/katalog\/produkt\/aponorm-basis-blutdruckmessgeraet\/","title":{"rendered":"aponorm\u00ae Basis Blutdruckmessger\u00e4t"},"content":{"rendered":"<p class=\"MsoNormal\">medizinische Spitzenqualit\u00e4t mit modernem Design und Komfort XXL-Display erleichtert das Ablesen der Messergebnisse<\/p>\n<p class=\"MsoNormal\">gro\u00dfer Speicher zur Dokumentation von bis zu 99 Messungen<\/p>\n<p class=\"MsoNormal\">praktische Aufsteller als Staufach f\u00fcr die inkludierte Manschette<\/p>\n<p class=\"MsoNormal\">mit Universal-Softb\u00fcgelmanschette f\u00fcr Armumf\u00e4nge von 22-42 cm<\/p>\n<p class=\"MsoNormal\">\u00fcberdurchschnittliche 5 Jahres-Garantie<\/p>\n<p class=\"MsoNormal\">messgenau auch bei Risikogruppen wie z. B. Diabetiker,Nierenkranke, Schwangere<\/p>\n<p class=\"MsoNormal\"><span style=\"font-weight: bold;\"><u>Lieferbestandteile: <\/u><\/span><\/p>\n<p class=\"MsoNormal\">Oberarm-Blutdruckmessger\u00e4t<\/p>\n<p class=\"MsoNormal\">Konische Softb\u00fcgelmanschette Gr. M-L (22-42 cm)<\/p>\n<p class=\"MsoNormal\">Stoffbeutel f\u00fcr Transport &amp; Aufbewahrung<\/p>\n<p class=\"MsoNormal\">Gebrauchsanweisung<\/p>\n<p class=\"MsoNormal\">Blutdruckpass<\/p>\n<p>4 Batterien Gr\u00f6\u00dfe AA<\/p>\n","protected":false},"excerpt":{"rendered":"<p>medizinische Spitzenqualit\u00e4t mit modernem Design und Komfort XXL-Display erleichtert das Ablesen der Messergebnisse gro\u00dfer Speicher zur Dokumentation von bis zu 99 Messungen praktische Aufsteller als Staufach f\u00fcr die inkludierte Manschette mit Universal-Softb\u00fcgelmanschette f\u00fcr Armumf\u00e4nge von 22-42 cm \u00fcberdurchschnittliche 5 Jahres-Garantie messgenau auch bei Risikogruppen wie z. B. Diabetiker,Nierenkranke, Schwangere Lieferbestandteile: Oberarm-Blutdruckmessger\u00e4t Konische Softb\u00fcgelmanschette Gr. M-L [&hellip;]<\/p>\n","protected":false},"featured_media":71700,"template":"","meta":{"_acf_changed":false},"product_brand":[],"product_cat":[801],"product_tag":[],"class_list":{"0":"post-71698","1":"product","2":"type-product","3":"status-publish","4":"has-post-thumbnail","6":"product_cat-a","7":"pa_farbe-silber-weiss","8":"pa_packungsgroesse-1-stueck","10":"first","11":"instock","12":"shipping-taxable","13":"purchasable","14":"product-type-simple"},"acf":[],"_links":{"self":[{"href":"https:\/\/www.ernstbrunn-apotheke.at\/katalog\/wp-json\/wp\/v2\/product\/71698","targetHints":{"allow":["GET"]}}],"collection":[{"href":"https:\/\/www.ernstbrunn-apotheke.at\/katalog\/wp-json\/wp\/v2\/product"}],"about":[{"href":"https:\/\/www.ernstbrunn-apotheke.at\/katalog\/wp-json\/wp\/v2\/types\/product"}],"wp:featuredmedia":[{"embeddable":true,"href":"https:\/\/www.ernstbrunn-apotheke.at\/katalog\/wp-json\/wp\/v2\/media\/71700"}],"wp:attachment":[{"href":"https:\/\/www.ernstbrunn-apotheke.at\/katalog\/wp-json\/wp\/v2\/media?parent=71698"}],"wp:term":[{"taxonomy":"product_brand","embeddable":true,"href":"https:\/\/www.ernstbrunn-apotheke.at\/katalog\/wp-json\/wp\/v2\/product_brand?post=71698"},{"taxonomy":"product_cat","embeddable":true,"href":"https:\/\/www.ernstbrunn-apotheke.at\/katalog\/wp-json\/wp\/v2\/product_cat?post=71698"},{"taxonomy":"product_tag","embeddable":true,"href":"https:\/\/www.ernstbrunn-apotheke.at\/katalog\/wp-json\/wp\/v2\/product_tag?post=71698"}],"curies":[{"name":"wp","href":"https:\/\/api.w.org\/{rel}","templated":true}]}}