{"id":71635,"date":"2025-11-11T19:56:42","date_gmt":"2025-11-11T18:56:42","guid":{"rendered":"https:\/\/www.ernstbrunn-apotheke.at\/katalog\/produkt\/adler-bachblueten-star-of-betlehem-tropfen-10-ml\/"},"modified":"2025-12-08T18:19:02","modified_gmt":"2025-12-08T17:19:02","slug":"adler-bachblueten-star-of-betlehem-tropfen-10-ml","status":"publish","type":"product","link":"https:\/\/www.ernstbrunn-apotheke.at\/katalog\/produkt\/adler-bachblueten-star-of-betlehem-tropfen-10-ml\/","title":{"rendered":"Adler Bachbl\u00fcten Star of Betlehem Tropfen 10 ml"},"content":{"rendered":"<p>Adler Bachbl\u00fcten Star of Betlehem Tropfen 10 ml sind Teil der &#8222;Zweiten Neunzehn&#8220; Bachbl\u00fctenessenzen, die mit Gem\u00fctszust\u00e4nden verwandt sind und sich auf allt\u00e4gliche Situationen beziehen. Star of Betlehem Tropfen eignen sich f\u00fcr Menschen, die eine unerfreuliche Lebenssituation nicht verkraften oder ein ersch\u00fctterndes Erlebnis nicht verarbeiten k\u00f6nnen und k\u00f6nnen bei Kummer, Albtr\u00e4umen, seelischen Ersch\u00fctterungen oder Trostbed\u00fcrftigkeit unterst\u00fctzend wirken &#8211; jetzt alle Bachbl\u00fctenessenzen von Adler zu g\u00fcnstigen Preisen online bestellen!<\/p>\n","protected":false},"excerpt":{"rendered":"<p>Adler Bachbl\u00fcten Star of Betlehem Tropfen 10 ml sind Teil der &#8222;Zweiten Neunzehn&#8220; Bachbl\u00fctenessenzen, die mit Gem\u00fctszust\u00e4nden verwandt sind und sich auf allt\u00e4gliche Situationen beziehen. Star of Betlehem Tropfen eignen sich f\u00fcr Menschen, die eine unerfreuliche Lebenssituation nicht verkraften oder ein ersch\u00fctterndes Erlebnis nicht verarbeiten k\u00f6nnen und k\u00f6nnen bei Kummer, Albtr\u00e4umen, seelischen Ersch\u00fctterungen oder Trostbed\u00fcrftigkeit [&hellip;]<\/p>\n","protected":false},"featured_media":71637,"template":"","meta":{"_acf_changed":false},"product_brand":[928],"product_cat":[801],"product_tag":[],"class_list":{"0":"post-71635","1":"product","2":"type-product","3":"status-publish","4":"has-post-thumbnail","6":"product_brand-adler-pharma","7":"product_cat-a","8":"pa_packungsgroesse-10ml","10":"first","11":"instock","12":"shipping-taxable","13":"purchasable","14":"product-type-simple"},"acf":[],"_links":{"self":[{"href":"https:\/\/www.ernstbrunn-apotheke.at\/katalog\/wp-json\/wp\/v2\/product\/71635","targetHints":{"allow":["GET"]}}],"collection":[{"href":"https:\/\/www.ernstbrunn-apotheke.at\/katalog\/wp-json\/wp\/v2\/product"}],"about":[{"href":"https:\/\/www.ernstbrunn-apotheke.at\/katalog\/wp-json\/wp\/v2\/types\/product"}],"wp:featuredmedia":[{"embeddable":true,"href":"https:\/\/www.ernstbrunn-apotheke.at\/katalog\/wp-json\/wp\/v2\/media\/71637"}],"wp:attachment":[{"href":"https:\/\/www.ernstbrunn-apotheke.at\/katalog\/wp-json\/wp\/v2\/media?parent=71635"}],"wp:term":[{"taxonomy":"product_brand","embeddable":true,"href":"https:\/\/www.ernstbrunn-apotheke.at\/katalog\/wp-json\/wp\/v2\/product_brand?post=71635"},{"taxonomy":"product_cat","embeddable":true,"href":"https:\/\/www.ernstbrunn-apotheke.at\/katalog\/wp-json\/wp\/v2\/product_cat?post=71635"},{"taxonomy":"product_tag","embeddable":true,"href":"https:\/\/www.ernstbrunn-apotheke.at\/katalog\/wp-json\/wp\/v2\/product_tag?post=71635"}],"curies":[{"name":"wp","href":"https:\/\/api.w.org\/{rel}","templated":true}]}}