{"id":71582,"date":"2025-11-11T19:55:31","date_gmt":"2025-11-11T18:55:31","guid":{"rendered":"https:\/\/www.ernstbrunn-apotheke.at\/katalog\/produkt\/alpecin-hybrid-coffeinshampoo-250-ml\/"},"modified":"2025-12-08T18:18:46","modified_gmt":"2025-12-08T17:18:46","slug":"alpecin-hybrid-coffeinshampoo-250-ml","status":"publish","type":"product","link":"https:\/\/www.ernstbrunn-apotheke.at\/katalog\/produkt\/alpecin-hybrid-coffeinshampoo-250-ml\/","title":{"rendered":"Alpecin Hybrid Coffeinshampoo 250 ml"},"content":{"rendered":"<p>Ocufolin Prevent sind Kapseln mit augenspezifischen N\u00e4hrstoffen zur Behandlung von Mangelzust\u00e4nde, die bei bestehenden Risikofaktoren f\u00fcr Augenleiden, z.B. aufgrund von Alter, Diabetes, Rauchen, \u00dcbergewicht und erh\u00f6htem Blutdruck, auftreten k\u00f6nnen. Das enthaltene Spurenelement Zink tr\u00e4gt gemeinsam mit dem Vitamin Riboflavin zur Erhaltung normaler Sehrkaft bei &#8211;<\/p>\n","protected":false},"excerpt":{"rendered":"<p>Ocufolin Prevent sind Kapseln mit augenspezifischen N\u00e4hrstoffen zur Behandlung von Mangelzust\u00e4nde, die bei bestehenden Risikofaktoren f\u00fcr Augenleiden, z.B. aufgrund von Alter, Diabetes, Rauchen, \u00dcbergewicht und erh\u00f6htem Blutdruck, auftreten k\u00f6nnen. Das enthaltene Spurenelement Zink tr\u00e4gt gemeinsam mit dem Vitamin Riboflavin zur Erhaltung normaler Sehrkaft bei &#8211;<\/p>\n","protected":false},"featured_media":71584,"template":"","meta":{"_acf_changed":false},"product_brand":[717],"product_cat":[801],"product_tag":[],"class_list":{"0":"post-71582","1":"product","2":"type-product","3":"status-publish","4":"has-post-thumbnail","6":"product_brand-alpecin","7":"product_cat-a","8":"pa_packungsgroesse-250ml","10":"first","11":"instock","12":"shipping-taxable","13":"purchasable","14":"product-type-simple"},"acf":[],"_links":{"self":[{"href":"https:\/\/www.ernstbrunn-apotheke.at\/katalog\/wp-json\/wp\/v2\/product\/71582","targetHints":{"allow":["GET"]}}],"collection":[{"href":"https:\/\/www.ernstbrunn-apotheke.at\/katalog\/wp-json\/wp\/v2\/product"}],"about":[{"href":"https:\/\/www.ernstbrunn-apotheke.at\/katalog\/wp-json\/wp\/v2\/types\/product"}],"wp:featuredmedia":[{"embeddable":true,"href":"https:\/\/www.ernstbrunn-apotheke.at\/katalog\/wp-json\/wp\/v2\/media\/71584"}],"wp:attachment":[{"href":"https:\/\/www.ernstbrunn-apotheke.at\/katalog\/wp-json\/wp\/v2\/media?parent=71582"}],"wp:term":[{"taxonomy":"product_brand","embeddable":true,"href":"https:\/\/www.ernstbrunn-apotheke.at\/katalog\/wp-json\/wp\/v2\/product_brand?post=71582"},{"taxonomy":"product_cat","embeddable":true,"href":"https:\/\/www.ernstbrunn-apotheke.at\/katalog\/wp-json\/wp\/v2\/product_cat?post=71582"},{"taxonomy":"product_tag","embeddable":true,"href":"https:\/\/www.ernstbrunn-apotheke.at\/katalog\/wp-json\/wp\/v2\/product_tag?post=71582"}],"curies":[{"name":"wp","href":"https:\/\/api.w.org\/{rel}","templated":true}]}}