{"id":71506,"date":"2025-11-11T19:54:03","date_gmt":"2025-11-11T18:54:03","guid":{"rendered":"https:\/\/www.ernstbrunn-apotheke.at\/katalog\/produkt\/lysoform-ahd-2000-h-h-beutel\/"},"modified":"2025-12-08T18:18:23","modified_gmt":"2025-12-08T17:18:23","slug":"lysoform-ahd-2000-h-h-beutel","status":"publish","type":"product","link":"https:\/\/www.ernstbrunn-apotheke.at\/katalog\/produkt\/lysoform-ahd-2000-h-h-beutel\/","title":{"rendered":"Lysoform AHD 2000 H\/h Beutel"},"content":{"rendered":"<p>Lysoform AHD 2000 H\/h wird zur Desinfektion von unverletzter Haut und den H\u00e4nden eingesetzt und hat ein breites Wirkungsspektrum gegen Bakterien, Pilze oder Viren. Die L\u00f6sung ist auch bei h\u00e4ufiger Anwendung gut hautvertr\u00e4glich.<\/p>\n","protected":false},"excerpt":{"rendered":"<p>Lysoform AHD 2000 H\/h wird zur Desinfektion von unverletzter Haut und den H\u00e4nden eingesetzt und hat ein breites Wirkungsspektrum gegen Bakterien, Pilze oder Viren. Die L\u00f6sung ist auch bei h\u00e4ufiger Anwendung gut hautvertr\u00e4glich.<\/p>\n","protected":false},"featured_media":71508,"template":"","meta":{"_acf_changed":false},"product_brand":[],"product_cat":[795],"product_tag":[],"class_list":{"0":"post-71506","1":"product","2":"type-product","3":"status-publish","4":"has-post-thumbnail","6":"product_cat-l","7":"pa_packungsgroesse-700ml","9":"first","10":"instock","11":"shipping-taxable","12":"purchasable","13":"product-type-simple"},"acf":[],"_links":{"self":[{"href":"https:\/\/www.ernstbrunn-apotheke.at\/katalog\/wp-json\/wp\/v2\/product\/71506","targetHints":{"allow":["GET"]}}],"collection":[{"href":"https:\/\/www.ernstbrunn-apotheke.at\/katalog\/wp-json\/wp\/v2\/product"}],"about":[{"href":"https:\/\/www.ernstbrunn-apotheke.at\/katalog\/wp-json\/wp\/v2\/types\/product"}],"wp:featuredmedia":[{"embeddable":true,"href":"https:\/\/www.ernstbrunn-apotheke.at\/katalog\/wp-json\/wp\/v2\/media\/71508"}],"wp:attachment":[{"href":"https:\/\/www.ernstbrunn-apotheke.at\/katalog\/wp-json\/wp\/v2\/media?parent=71506"}],"wp:term":[{"taxonomy":"product_brand","embeddable":true,"href":"https:\/\/www.ernstbrunn-apotheke.at\/katalog\/wp-json\/wp\/v2\/product_brand?post=71506"},{"taxonomy":"product_cat","embeddable":true,"href":"https:\/\/www.ernstbrunn-apotheke.at\/katalog\/wp-json\/wp\/v2\/product_cat?post=71506"},{"taxonomy":"product_tag","embeddable":true,"href":"https:\/\/www.ernstbrunn-apotheke.at\/katalog\/wp-json\/wp\/v2\/product_tag?post=71506"}],"curies":[{"name":"wp","href":"https:\/\/api.w.org\/{rel}","templated":true}]}}