{"id":71475,"date":"2025-11-11T19:53:37","date_gmt":"2025-11-11T18:53:37","guid":{"rendered":"https:\/\/www.ernstbrunn-apotheke.at\/katalog\/produkt\/ahava-mineral-body-lotion-250-ml\/"},"modified":"2025-12-08T18:18:12","modified_gmt":"2025-12-08T17:18:12","slug":"ahava-mineral-body-lotion-250-ml","status":"publish","type":"product","link":"https:\/\/www.ernstbrunn-apotheke.at\/katalog\/produkt\/ahava-mineral-body-lotion-250-ml\/","title":{"rendered":"Ahava Mineral Body Lotion 250 ml"},"content":{"rendered":"<p>Ahava Mineral Body Lotion sch\u00fctzt Ihre Haut mit beruhigender Aloe Vera und feuchtigkeitsspendenden Mineralien aus dem Toten Meer. Jeden Tag gro\u00dfz\u00fcgig auftragen, f\u00fcr ein bemerkenswert geschmeidiges Gef\u00fchl den ganzen Tag. Die schnell einziehende K\u00f6rperlotion regt den nat\u00fcrlichen Prozess zur Feuchtigkeitsversorgung f\u00fcr eine glatte, verfeinerte Hauttextur an.<\/p>\n","protected":false},"excerpt":{"rendered":"<p>Ahava Mineral Body Lotion sch\u00fctzt Ihre Haut mit beruhigender Aloe Vera und feuchtigkeitsspendenden Mineralien aus dem Toten Meer. Jeden Tag gro\u00dfz\u00fcgig auftragen, f\u00fcr ein bemerkenswert geschmeidiges Gef\u00fchl den ganzen Tag. Die schnell einziehende K\u00f6rperlotion regt den nat\u00fcrlichen Prozess zur Feuchtigkeitsversorgung f\u00fcr eine glatte, verfeinerte Hauttextur an.<\/p>\n","protected":false},"featured_media":71477,"template":"","meta":{"_acf_changed":false},"product_brand":[],"product_cat":[801],"product_tag":[],"class_list":{"0":"post-71475","1":"product","2":"type-product","3":"status-publish","4":"has-post-thumbnail","6":"product_cat-a","7":"pa_packungsgroesse-250ml","9":"first","10":"instock","11":"shipping-taxable","12":"purchasable","13":"product-type-simple"},"acf":[],"_links":{"self":[{"href":"https:\/\/www.ernstbrunn-apotheke.at\/katalog\/wp-json\/wp\/v2\/product\/71475","targetHints":{"allow":["GET"]}}],"collection":[{"href":"https:\/\/www.ernstbrunn-apotheke.at\/katalog\/wp-json\/wp\/v2\/product"}],"about":[{"href":"https:\/\/www.ernstbrunn-apotheke.at\/katalog\/wp-json\/wp\/v2\/types\/product"}],"wp:featuredmedia":[{"embeddable":true,"href":"https:\/\/www.ernstbrunn-apotheke.at\/katalog\/wp-json\/wp\/v2\/media\/71477"}],"wp:attachment":[{"href":"https:\/\/www.ernstbrunn-apotheke.at\/katalog\/wp-json\/wp\/v2\/media?parent=71475"}],"wp:term":[{"taxonomy":"product_brand","embeddable":true,"href":"https:\/\/www.ernstbrunn-apotheke.at\/katalog\/wp-json\/wp\/v2\/product_brand?post=71475"},{"taxonomy":"product_cat","embeddable":true,"href":"https:\/\/www.ernstbrunn-apotheke.at\/katalog\/wp-json\/wp\/v2\/product_cat?post=71475"},{"taxonomy":"product_tag","embeddable":true,"href":"https:\/\/www.ernstbrunn-apotheke.at\/katalog\/wp-json\/wp\/v2\/product_tag?post=71475"}],"curies":[{"name":"wp","href":"https:\/\/api.w.org\/{rel}","templated":true}]}}