{"id":71451,"date":"2025-11-11T19:53:08","date_gmt":"2025-11-11T18:53:08","guid":{"rendered":"https:\/\/www.ernstbrunn-apotheke.at\/katalog\/produkt\/dentomit-parodontal-spray-life-long-30-ml\/"},"modified":"2025-12-08T18:18:06","modified_gmt":"2025-12-08T17:18:06","slug":"dentomit-parodontal-spray-life-long-30-ml","status":"publish","type":"product","link":"https:\/\/www.ernstbrunn-apotheke.at\/katalog\/produkt\/dentomit-parodontal-spray-life-long-30-ml\/","title":{"rendered":"Dentomit Parodontal Spray Life Long 30 ml"},"content":{"rendered":"<p>Dentomit Parodontal-Spray Life Long ist ein klinisch getestetes Mundspray mit Coenzym Q10 und Minz\u00f6l zur t\u00e4glichen Pflege von Mundh\u00f6hle und Zahnfleisch. Das Produkt ist besonders geeignet bei kleinen Blutungen im Mundraum sowie Aphthen und dar\u00fcber hinaus sehr empfehlenswert bei Parodontitis oder bei Neigung zu ausgedehnter Plaquebildung.<\/p>\n","protected":false},"excerpt":{"rendered":"<p>Dentomit Parodontal-Spray Life Long ist ein klinisch getestetes Mundspray mit Coenzym Q10 und Minz\u00f6l zur t\u00e4glichen Pflege von Mundh\u00f6hle und Zahnfleisch. Das Produkt ist besonders geeignet bei kleinen Blutungen im Mundraum sowie Aphthen und dar\u00fcber hinaus sehr empfehlenswert bei Parodontitis oder bei Neigung zu ausgedehnter Plaquebildung.<\/p>\n","protected":false},"featured_media":71453,"template":"","meta":{"_acf_changed":false},"product_brand":[],"product_cat":[792],"product_tag":[],"class_list":{"0":"post-71451","1":"product","2":"type-product","3":"status-publish","4":"has-post-thumbnail","6":"product_cat-d","7":"pa_packungsgroesse-30ml","9":"first","10":"instock","11":"shipping-taxable","12":"purchasable","13":"product-type-simple"},"acf":[],"_links":{"self":[{"href":"https:\/\/www.ernstbrunn-apotheke.at\/katalog\/wp-json\/wp\/v2\/product\/71451","targetHints":{"allow":["GET"]}}],"collection":[{"href":"https:\/\/www.ernstbrunn-apotheke.at\/katalog\/wp-json\/wp\/v2\/product"}],"about":[{"href":"https:\/\/www.ernstbrunn-apotheke.at\/katalog\/wp-json\/wp\/v2\/types\/product"}],"wp:featuredmedia":[{"embeddable":true,"href":"https:\/\/www.ernstbrunn-apotheke.at\/katalog\/wp-json\/wp\/v2\/media\/71453"}],"wp:attachment":[{"href":"https:\/\/www.ernstbrunn-apotheke.at\/katalog\/wp-json\/wp\/v2\/media?parent=71451"}],"wp:term":[{"taxonomy":"product_brand","embeddable":true,"href":"https:\/\/www.ernstbrunn-apotheke.at\/katalog\/wp-json\/wp\/v2\/product_brand?post=71451"},{"taxonomy":"product_cat","embeddable":true,"href":"https:\/\/www.ernstbrunn-apotheke.at\/katalog\/wp-json\/wp\/v2\/product_cat?post=71451"},{"taxonomy":"product_tag","embeddable":true,"href":"https:\/\/www.ernstbrunn-apotheke.at\/katalog\/wp-json\/wp\/v2\/product_tag?post=71451"}],"curies":[{"name":"wp","href":"https:\/\/api.w.org\/{rel}","templated":true}]}}