{"id":71318,"date":"2025-11-11T19:50:30","date_gmt":"2025-11-11T18:50:30","guid":{"rendered":"https:\/\/www.ernstbrunn-apotheke.at\/katalog\/produkt\/vitamin-b12-kapseln-60-stk-500mcg\/"},"modified":"2025-12-08T18:17:34","modified_gmt":"2025-12-08T17:17:34","slug":"vitamin-b12-kapseln-60-stk-500mcg","status":"publish","type":"product","link":"https:\/\/www.ernstbrunn-apotheke.at\/katalog\/produkt\/vitamin-b12-kapseln-60-stk-500mcg\/","title":{"rendered":"Vitamin B12 Kapseln 60 Stk. 500mcg"},"content":{"rendered":"<p>Seit 2011 vertreibt Shanab Pharma hochwertige Nahrungserg\u00e4nzungsmittel und erzeugt seit einiger Zeit auch eigeneProdukte zur Steigerung von Gesundheit und Wohlbefinden. Shanab Pharma steht f\u00fcr Qualit\u00e4tsprodukte aus m\u00f6glichst nat\u00fcrlichen Rohstoffen<\/p>\n","protected":false},"excerpt":{"rendered":"<p>Seit 2011 vertreibt Shanab Pharma hochwertige Nahrungserg\u00e4nzungsmittel und erzeugt seit einiger Zeit auch eigeneProdukte zur Steigerung von Gesundheit und Wohlbefinden. Shanab Pharma steht f\u00fcr Qualit\u00e4tsprodukte aus m\u00f6glichst nat\u00fcrlichen Rohstoffen<\/p>\n","protected":false},"featured_media":71320,"template":"","meta":{"_acf_changed":false},"product_brand":[],"product_cat":[799],"product_tag":[],"class_list":{"0":"post-71318","1":"product","2":"type-product","3":"status-publish","4":"has-post-thumbnail","6":"product_cat-v","7":"pa_packungsgroesse-60-stueck","9":"first","10":"instock","11":"shipping-taxable","12":"purchasable","13":"product-type-simple"},"acf":[],"_links":{"self":[{"href":"https:\/\/www.ernstbrunn-apotheke.at\/katalog\/wp-json\/wp\/v2\/product\/71318","targetHints":{"allow":["GET"]}}],"collection":[{"href":"https:\/\/www.ernstbrunn-apotheke.at\/katalog\/wp-json\/wp\/v2\/product"}],"about":[{"href":"https:\/\/www.ernstbrunn-apotheke.at\/katalog\/wp-json\/wp\/v2\/types\/product"}],"wp:featuredmedia":[{"embeddable":true,"href":"https:\/\/www.ernstbrunn-apotheke.at\/katalog\/wp-json\/wp\/v2\/media\/71320"}],"wp:attachment":[{"href":"https:\/\/www.ernstbrunn-apotheke.at\/katalog\/wp-json\/wp\/v2\/media?parent=71318"}],"wp:term":[{"taxonomy":"product_brand","embeddable":true,"href":"https:\/\/www.ernstbrunn-apotheke.at\/katalog\/wp-json\/wp\/v2\/product_brand?post=71318"},{"taxonomy":"product_cat","embeddable":true,"href":"https:\/\/www.ernstbrunn-apotheke.at\/katalog\/wp-json\/wp\/v2\/product_cat?post=71318"},{"taxonomy":"product_tag","embeddable":true,"href":"https:\/\/www.ernstbrunn-apotheke.at\/katalog\/wp-json\/wp\/v2\/product_tag?post=71318"}],"curies":[{"name":"wp","href":"https:\/\/api.w.org\/{rel}","templated":true}]}}