{"id":71276,"date":"2025-11-11T19:49:33","date_gmt":"2025-11-11T18:49:33","guid":{"rendered":"https:\/\/www.ernstbrunn-apotheke.at\/katalog\/produkt\/bioderma-sebium-sensitive-30-ml\/"},"modified":"2025-12-08T18:17:19","modified_gmt":"2025-12-08T17:17:19","slug":"bioderma-sebium-sensitive-30-ml","status":"publish","type":"product","link":"https:\/\/www.ernstbrunn-apotheke.at\/katalog\/produkt\/bioderma-sebium-sensitive-30-ml\/","title":{"rendered":"Bioderma S\u00e9bium Sensitive 30 ml"},"content":{"rendered":"<p>Bioderma S\u00e9bium Sensitive 30 ml ist eine beruhigende Pflege bei stark austrocknenden \u00e4u\u00dferlichen Aknetherapien (BPO 10%, Tretinoin Creme 0,05%) sowie gereizter, irritierter und ger\u00f6teter Haut zu verwenden. Mattiert und spendet 12 Stunden Feuchtigkeit. Entz\u00fcndete Pickel, Irritationen und R\u00f6tungen werden durch die enthaltene SeboRestore TechnologieTM und den Wirkstoff InflaStopTM\u00a0\u00a0bek\u00e4mpft.<\/p>\n","protected":false},"excerpt":{"rendered":"<p>Bioderma S\u00e9bium Sensitive 30 ml ist eine beruhigende Pflege bei stark austrocknenden \u00e4u\u00dferlichen Aknetherapien (BPO 10%, Tretinoin Creme 0,05%) sowie gereizter, irritierter und ger\u00f6teter Haut zu verwenden. Mattiert und spendet 12 Stunden Feuchtigkeit. Entz\u00fcndete Pickel, Irritationen und R\u00f6tungen werden durch die enthaltene SeboRestore TechnologieTM und den Wirkstoff InflaStopTM\u00a0\u00a0bek\u00e4mpft.<\/p>\n","protected":false},"featured_media":71278,"template":"","meta":{"_acf_changed":false},"product_brand":[657],"product_cat":[802],"product_tag":[],"class_list":{"0":"post-71276","1":"product","2":"type-product","3":"status-publish","4":"has-post-thumbnail","6":"product_brand-bioderma","7":"product_cat-b","8":"pa_packungsgroesse-30ml","10":"first","11":"instock","12":"shipping-taxable","13":"purchasable","14":"product-type-simple"},"acf":[],"_links":{"self":[{"href":"https:\/\/www.ernstbrunn-apotheke.at\/katalog\/wp-json\/wp\/v2\/product\/71276","targetHints":{"allow":["GET"]}}],"collection":[{"href":"https:\/\/www.ernstbrunn-apotheke.at\/katalog\/wp-json\/wp\/v2\/product"}],"about":[{"href":"https:\/\/www.ernstbrunn-apotheke.at\/katalog\/wp-json\/wp\/v2\/types\/product"}],"wp:featuredmedia":[{"embeddable":true,"href":"https:\/\/www.ernstbrunn-apotheke.at\/katalog\/wp-json\/wp\/v2\/media\/71278"}],"wp:attachment":[{"href":"https:\/\/www.ernstbrunn-apotheke.at\/katalog\/wp-json\/wp\/v2\/media?parent=71276"}],"wp:term":[{"taxonomy":"product_brand","embeddable":true,"href":"https:\/\/www.ernstbrunn-apotheke.at\/katalog\/wp-json\/wp\/v2\/product_brand?post=71276"},{"taxonomy":"product_cat","embeddable":true,"href":"https:\/\/www.ernstbrunn-apotheke.at\/katalog\/wp-json\/wp\/v2\/product_cat?post=71276"},{"taxonomy":"product_tag","embeddable":true,"href":"https:\/\/www.ernstbrunn-apotheke.at\/katalog\/wp-json\/wp\/v2\/product_tag?post=71276"}],"curies":[{"name":"wp","href":"https:\/\/api.w.org\/{rel}","templated":true}]}}