{"id":71197,"date":"2025-11-11T19:48:10","date_gmt":"2025-11-11T18:48:10","guid":{"rendered":"https:\/\/www.ernstbrunn-apotheke.at\/katalog\/produkt\/ren-clarimatte-t-zone-control-cleansing-gel-150-ml\/"},"modified":"2025-12-08T18:16:56","modified_gmt":"2025-12-08T17:16:56","slug":"ren-clarimatte-t-zone-control-cleansing-gel-150-ml","status":"publish","type":"product","link":"https:\/\/www.ernstbrunn-apotheke.at\/katalog\/produkt\/ren-clarimatte-t-zone-control-cleansing-gel-150-ml\/","title":{"rendered":"Ren Clarimatte T-Zone Control Cleansing Gel 150 ml"},"content":{"rendered":"<p>Ren Clarimatte T-Zone Control Cleansing Gel enth\u00e4lt eine antibakterielle Rezeptur, die Make-up, Schmutz und Verunreinigungen entfernt, w\u00e4hrend es gegen fettige Haut wirkt und dir einen ausgeglichenen Teint verleiht, der weniger anf\u00e4llig f\u00fcr Ausbr\u00fcche ist. Dieser wunderbare Multitasker befreit verstopfte Poren und hilft, sie weniger sichtbar zu machen.<\/p>\n","protected":false},"excerpt":{"rendered":"<p>Ren Clarimatte T-Zone Control Cleansing Gel enth\u00e4lt eine antibakterielle Rezeptur, die Make-up, Schmutz und Verunreinigungen entfernt, w\u00e4hrend es gegen fettige Haut wirkt und dir einen ausgeglichenen Teint verleiht, der weniger anf\u00e4llig f\u00fcr Ausbr\u00fcche ist. Dieser wunderbare Multitasker befreit verstopfte Poren und hilft, sie weniger sichtbar zu machen.<\/p>\n","protected":false},"featured_media":0,"template":"","meta":{"_acf_changed":false},"product_brand":[],"product_cat":[808],"product_tag":[],"class_list":{"0":"post-71197","1":"product","2":"type-product","3":"status-publish","5":"product_cat-r","6":"pa_packungsgroesse-150ml","8":"first","9":"instock","10":"shipping-taxable","11":"purchasable","12":"product-type-simple"},"acf":[],"_links":{"self":[{"href":"https:\/\/www.ernstbrunn-apotheke.at\/katalog\/wp-json\/wp\/v2\/product\/71197","targetHints":{"allow":["GET"]}}],"collection":[{"href":"https:\/\/www.ernstbrunn-apotheke.at\/katalog\/wp-json\/wp\/v2\/product"}],"about":[{"href":"https:\/\/www.ernstbrunn-apotheke.at\/katalog\/wp-json\/wp\/v2\/types\/product"}],"wp:attachment":[{"href":"https:\/\/www.ernstbrunn-apotheke.at\/katalog\/wp-json\/wp\/v2\/media?parent=71197"}],"wp:term":[{"taxonomy":"product_brand","embeddable":true,"href":"https:\/\/www.ernstbrunn-apotheke.at\/katalog\/wp-json\/wp\/v2\/product_brand?post=71197"},{"taxonomy":"product_cat","embeddable":true,"href":"https:\/\/www.ernstbrunn-apotheke.at\/katalog\/wp-json\/wp\/v2\/product_cat?post=71197"},{"taxonomy":"product_tag","embeddable":true,"href":"https:\/\/www.ernstbrunn-apotheke.at\/katalog\/wp-json\/wp\/v2\/product_tag?post=71197"}],"curies":[{"name":"wp","href":"https:\/\/api.w.org\/{rel}","templated":true}]}}