{"id":71193,"date":"2025-11-11T19:47:30","date_gmt":"2025-11-11T18:47:30","guid":{"rendered":"https:\/\/www.ernstbrunn-apotheke.at\/katalog\/produkt\/mepilex-xt-20x20cm-5-stk\/"},"modified":"2025-12-08T18:16:54","modified_gmt":"2025-12-08T17:16:54","slug":"mepilex-xt-20x20cm-5-stk","status":"publish","type":"product","link":"https:\/\/www.ernstbrunn-apotheke.at\/katalog\/produkt\/mepilex-xt-20x20cm-5-stk\/","title":{"rendered":"Mepilex XT 20x20cm 5 Stk."},"content":{"rendered":"<p>Mepilex ist ein Verband mit Safetac, wodurch der Wechsel und das Entfernen des Verbands f\u00fcr Ihre Patienten weniger schmerzhaft sind. Mepilex l\u00e4sst sich einfach entfernen und umpositionieren, hinterl\u00e4sst keine R\u00fcckst\u00e4nde in der Wunde und ist extrem eich und anpassungsf\u00e4hig. Die gute Polsterwirkung sch\u00fctz vor weiteren L\u00e4sionen. Dadurch eignet sich Mepilex f\u00fcr schwach bis m\u00e4\u00dfig exsudierende chronische Wunden, wie Druckgeschw\u00fcre und diabetische Wunden.<\/p>\n","protected":false},"excerpt":{"rendered":"<p>Mepilex ist ein Verband mit Safetac, wodurch der Wechsel und das Entfernen des Verbands f\u00fcr Ihre Patienten weniger schmerzhaft sind. Mepilex l\u00e4sst sich einfach entfernen und umpositionieren, hinterl\u00e4sst keine R\u00fcckst\u00e4nde in der Wunde und ist extrem eich und anpassungsf\u00e4hig. Die gute Polsterwirkung sch\u00fctz vor weiteren L\u00e4sionen. Dadurch eignet sich Mepilex f\u00fcr schwach bis m\u00e4\u00dfig exsudierende [&hellip;]<\/p>\n","protected":false},"featured_media":71195,"template":"","meta":{"_acf_changed":false},"product_brand":[],"product_cat":[800],"product_tag":[],"class_list":{"0":"post-71193","1":"product","2":"type-product","3":"status-publish","4":"has-post-thumbnail","6":"product_cat-m","7":"pa_packungsgroesse-5-stueck","9":"first","10":"instock","11":"shipping-taxable","12":"purchasable","13":"product-type-simple"},"acf":[],"_links":{"self":[{"href":"https:\/\/www.ernstbrunn-apotheke.at\/katalog\/wp-json\/wp\/v2\/product\/71193","targetHints":{"allow":["GET"]}}],"collection":[{"href":"https:\/\/www.ernstbrunn-apotheke.at\/katalog\/wp-json\/wp\/v2\/product"}],"about":[{"href":"https:\/\/www.ernstbrunn-apotheke.at\/katalog\/wp-json\/wp\/v2\/types\/product"}],"wp:featuredmedia":[{"embeddable":true,"href":"https:\/\/www.ernstbrunn-apotheke.at\/katalog\/wp-json\/wp\/v2\/media\/71195"}],"wp:attachment":[{"href":"https:\/\/www.ernstbrunn-apotheke.at\/katalog\/wp-json\/wp\/v2\/media?parent=71193"}],"wp:term":[{"taxonomy":"product_brand","embeddable":true,"href":"https:\/\/www.ernstbrunn-apotheke.at\/katalog\/wp-json\/wp\/v2\/product_brand?post=71193"},{"taxonomy":"product_cat","embeddable":true,"href":"https:\/\/www.ernstbrunn-apotheke.at\/katalog\/wp-json\/wp\/v2\/product_cat?post=71193"},{"taxonomy":"product_tag","embeddable":true,"href":"https:\/\/www.ernstbrunn-apotheke.at\/katalog\/wp-json\/wp\/v2\/product_tag?post=71193"}],"curies":[{"name":"wp","href":"https:\/\/api.w.org\/{rel}","templated":true}]}}