{"id":71045,"date":"2025-11-11T19:44:51","date_gmt":"2025-11-11T18:44:51","guid":{"rendered":"https:\/\/www.ernstbrunn-apotheke.at\/katalog\/produkt\/ahc-20-30-ml-classic\/"},"modified":"2025-12-08T18:16:01","modified_gmt":"2025-12-08T17:16:01","slug":"ahc-20-30-ml-classic","status":"publish","type":"product","link":"https:\/\/www.ernstbrunn-apotheke.at\/katalog\/produkt\/ahc-20-30-ml-classic\/","title":{"rendered":"AHC 20 30 ml Classic"},"content":{"rendered":"<p>AHC 20 bewirkt einen nat\u00fcrlichen Verschluss der Schwei\u00dfdr\u00fcsen\u00f6ffnungen und entfaltet die Wirkung bereits nach den ersten Anwendungen. AHC 20 ist f\u00fcr die Anwendung von weniger empfindlichen Hautstellen (unter den Achseln, Bauchbereich) und bei leichterem Schwitzen an allen anderen K\u00f6rperstellen bestens geeignet. Reduziert die abgesonderte Schwei\u00dfmenge um bis zu 99%. Dieses Produkt ist erh\u00e4ltlich in den Varianten Classic (30 ml) und Sensitiv (30 ml und 50 ml).<\/p>\n","protected":false},"excerpt":{"rendered":"<p>AHC 20 bewirkt einen nat\u00fcrlichen Verschluss der Schwei\u00dfdr\u00fcsen\u00f6ffnungen und entfaltet die Wirkung bereits nach den ersten Anwendungen. AHC 20 ist f\u00fcr die Anwendung von weniger empfindlichen Hautstellen (unter den Achseln, Bauchbereich) und bei leichterem Schwitzen an allen anderen K\u00f6rperstellen bestens geeignet. Reduziert die abgesonderte Schwei\u00dfmenge um bis zu 99%. Dieses Produkt ist erh\u00e4ltlich in den [&hellip;]<\/p>\n","protected":false},"featured_media":71047,"template":"","meta":{"_acf_changed":false},"product_brand":[],"product_cat":[801],"product_tag":[],"class_list":{"0":"post-71045","1":"product","2":"type-product","3":"status-publish","4":"has-post-thumbnail","6":"product_cat-a","7":"pa_packungsgroesse-30ml","9":"first","10":"instock","11":"shipping-taxable","12":"purchasable","13":"product-type-simple"},"acf":[],"_links":{"self":[{"href":"https:\/\/www.ernstbrunn-apotheke.at\/katalog\/wp-json\/wp\/v2\/product\/71045","targetHints":{"allow":["GET"]}}],"collection":[{"href":"https:\/\/www.ernstbrunn-apotheke.at\/katalog\/wp-json\/wp\/v2\/product"}],"about":[{"href":"https:\/\/www.ernstbrunn-apotheke.at\/katalog\/wp-json\/wp\/v2\/types\/product"}],"wp:featuredmedia":[{"embeddable":true,"href":"https:\/\/www.ernstbrunn-apotheke.at\/katalog\/wp-json\/wp\/v2\/media\/71047"}],"wp:attachment":[{"href":"https:\/\/www.ernstbrunn-apotheke.at\/katalog\/wp-json\/wp\/v2\/media?parent=71045"}],"wp:term":[{"taxonomy":"product_brand","embeddable":true,"href":"https:\/\/www.ernstbrunn-apotheke.at\/katalog\/wp-json\/wp\/v2\/product_brand?post=71045"},{"taxonomy":"product_cat","embeddable":true,"href":"https:\/\/www.ernstbrunn-apotheke.at\/katalog\/wp-json\/wp\/v2\/product_cat?post=71045"},{"taxonomy":"product_tag","embeddable":true,"href":"https:\/\/www.ernstbrunn-apotheke.at\/katalog\/wp-json\/wp\/v2\/product_tag?post=71045"}],"curies":[{"name":"wp","href":"https:\/\/api.w.org\/{rel}","templated":true}]}}