{"id":71035,"date":"2025-11-11T19:44:51","date_gmt":"2025-11-11T18:44:51","guid":{"rendered":"https:\/\/www.ernstbrunn-apotheke.at\/katalog\/produkt\/tiroler-steinoel-shampoo-vital-500-ml\/"},"modified":"2025-12-08T18:15:59","modified_gmt":"2025-12-08T17:15:59","slug":"tiroler-steinoel-shampoo-vital-500-ml","status":"publish","type":"product","link":"https:\/\/www.ernstbrunn-apotheke.at\/katalog\/produkt\/tiroler-steinoel-shampoo-vital-500-ml\/","title":{"rendered":"Tiroler Stein\u00f6l Shampoo Vital 500 ml"},"content":{"rendered":"<p>Das Vital-Shampoo mit Tiroler Stein\u00f6l ist besonders mild und hautfreundlich. Es st\u00e4rkt den Haarboden und macht das Haar leichter k\u00e4mmbar, weich und geschmeidig.<\/p>\n","protected":false},"excerpt":{"rendered":"<p>Das Vital-Shampoo mit Tiroler Stein\u00f6l ist besonders mild und hautfreundlich. Es st\u00e4rkt den Haarboden und macht das Haar leichter k\u00e4mmbar, weich und geschmeidig.<\/p>\n","protected":false},"featured_media":71037,"template":"","meta":{"_acf_changed":false},"product_brand":[],"product_cat":[798],"product_tag":[],"class_list":{"0":"post-71035","1":"product","2":"type-product","3":"status-publish","4":"has-post-thumbnail","6":"product_cat-t","7":"pa_packungsgroesse-500ml","9":"first","10":"instock","11":"shipping-taxable","12":"purchasable","13":"product-type-simple"},"acf":[],"_links":{"self":[{"href":"https:\/\/www.ernstbrunn-apotheke.at\/katalog\/wp-json\/wp\/v2\/product\/71035","targetHints":{"allow":["GET"]}}],"collection":[{"href":"https:\/\/www.ernstbrunn-apotheke.at\/katalog\/wp-json\/wp\/v2\/product"}],"about":[{"href":"https:\/\/www.ernstbrunn-apotheke.at\/katalog\/wp-json\/wp\/v2\/types\/product"}],"wp:featuredmedia":[{"embeddable":true,"href":"https:\/\/www.ernstbrunn-apotheke.at\/katalog\/wp-json\/wp\/v2\/media\/71037"}],"wp:attachment":[{"href":"https:\/\/www.ernstbrunn-apotheke.at\/katalog\/wp-json\/wp\/v2\/media?parent=71035"}],"wp:term":[{"taxonomy":"product_brand","embeddable":true,"href":"https:\/\/www.ernstbrunn-apotheke.at\/katalog\/wp-json\/wp\/v2\/product_brand?post=71035"},{"taxonomy":"product_cat","embeddable":true,"href":"https:\/\/www.ernstbrunn-apotheke.at\/katalog\/wp-json\/wp\/v2\/product_cat?post=71035"},{"taxonomy":"product_tag","embeddable":true,"href":"https:\/\/www.ernstbrunn-apotheke.at\/katalog\/wp-json\/wp\/v2\/product_tag?post=71035"}],"curies":[{"name":"wp","href":"https:\/\/api.w.org\/{rel}","templated":true}]}}