{"id":70959,"date":"2025-11-11T19:43:33","date_gmt":"2025-11-11T18:43:33","guid":{"rendered":"https:\/\/www.ernstbrunn-apotheke.at\/katalog\/produkt\/kneipp-verwoehnendes-creme-oel-peeling-40-ml\/"},"modified":"2025-12-08T18:15:39","modified_gmt":"2025-12-08T17:15:39","slug":"kneipp-verwoehnendes-creme-oel-peeling-40-ml","status":"publish","type":"product","link":"https:\/\/www.ernstbrunn-apotheke.at\/katalog\/produkt\/kneipp-verwoehnendes-creme-oel-peeling-40-ml\/","title":{"rendered":"Kneipp Verw\u00f6hnendes Creme-\u00d6l Peeling 40 ml"},"content":{"rendered":"<p>Kneipp Verw\u00f6hnendes Creme-\u00d6l Peeling 40 ml entfernt \u00fcbersch\u00fcssige Hautsch\u00fcppchen sanft, w\u00e4hrend die reichhaltige Verw\u00f6hncreme mit wertvollem Argan\u00f6l Ihre Haut intensiv n\u00e4hrt. Die einzigartige Kombination aus feinen Zuckerkristallen und einer reichhaltigen \u00d6l-Creme l\u00e4sst Ihre Haut in neuem Licht erstrahlen! F\u00fcr eine glattere und strahlend sch\u00f6ne Haut.<\/p>\n","protected":false},"excerpt":{"rendered":"<p>Kneipp Verw\u00f6hnendes Creme-\u00d6l Peeling 40 ml entfernt \u00fcbersch\u00fcssige Hautsch\u00fcppchen sanft, w\u00e4hrend die reichhaltige Verw\u00f6hncreme mit wertvollem Argan\u00f6l Ihre Haut intensiv n\u00e4hrt. Die einzigartige Kombination aus feinen Zuckerkristallen und einer reichhaltigen \u00d6l-Creme l\u00e4sst Ihre Haut in neuem Licht erstrahlen! F\u00fcr eine glattere und strahlend sch\u00f6ne Haut.<\/p>\n","protected":false},"featured_media":70961,"template":"","meta":{"_acf_changed":false},"product_brand":[662],"product_cat":[807],"product_tag":[],"class_list":{"0":"post-70959","1":"product","2":"type-product","3":"status-publish","4":"has-post-thumbnail","6":"product_brand-kneipp","7":"product_cat-k","8":"pa_packungsgroesse-40ml","10":"first","11":"instock","12":"shipping-taxable","13":"purchasable","14":"product-type-simple"},"acf":[],"_links":{"self":[{"href":"https:\/\/www.ernstbrunn-apotheke.at\/katalog\/wp-json\/wp\/v2\/product\/70959","targetHints":{"allow":["GET"]}}],"collection":[{"href":"https:\/\/www.ernstbrunn-apotheke.at\/katalog\/wp-json\/wp\/v2\/product"}],"about":[{"href":"https:\/\/www.ernstbrunn-apotheke.at\/katalog\/wp-json\/wp\/v2\/types\/product"}],"wp:featuredmedia":[{"embeddable":true,"href":"https:\/\/www.ernstbrunn-apotheke.at\/katalog\/wp-json\/wp\/v2\/media\/70961"}],"wp:attachment":[{"href":"https:\/\/www.ernstbrunn-apotheke.at\/katalog\/wp-json\/wp\/v2\/media?parent=70959"}],"wp:term":[{"taxonomy":"product_brand","embeddable":true,"href":"https:\/\/www.ernstbrunn-apotheke.at\/katalog\/wp-json\/wp\/v2\/product_brand?post=70959"},{"taxonomy":"product_cat","embeddable":true,"href":"https:\/\/www.ernstbrunn-apotheke.at\/katalog\/wp-json\/wp\/v2\/product_cat?post=70959"},{"taxonomy":"product_tag","embeddable":true,"href":"https:\/\/www.ernstbrunn-apotheke.at\/katalog\/wp-json\/wp\/v2\/product_tag?post=70959"}],"curies":[{"name":"wp","href":"https:\/\/api.w.org\/{rel}","templated":true}]}}