{"id":70917,"date":"2025-11-11T19:42:41","date_gmt":"2025-11-11T18:42:41","guid":{"rendered":"https:\/\/www.ernstbrunn-apotheke.at\/katalog\/produkt\/strath-rekonvaleszenz-tropfen-100-ml\/"},"modified":"2025-12-08T18:15:25","modified_gmt":"2025-12-08T17:15:25","slug":"strath-rekonvaleszenz-tropfen-100-ml","status":"publish","type":"product","link":"https:\/\/www.ernstbrunn-apotheke.at\/katalog\/produkt\/strath-rekonvaleszenz-tropfen-100-ml\/","title":{"rendered":"Strath Rekonvaleszenz Tropfen 100 ml"},"content":{"rendered":"<p>Strath Rekonvaleszenz Tropfen 100 ml sind eine geschmacksneutrale Variante der Strath Kr\u00e4uterhefepr\u00e4paraten. Nach einer Krankheit oder Operation f\u00fchlen sich viele Menschen m\u00fcde und sind noch nicht bei vollen Kr\u00e4ften. Auch Fr\u00fchjahrsm\u00fcdigkeit, eine g\u00e4ngige, durch den Jahreszeitenwechsel hervorgerufene Erscheinung, kann sich unter anderem in Form von Antriebslosigkeit oder M\u00fcdigkeit \u00e4u\u00dfern. Strath Rekonvaleszenz- Tropfen unterst\u00fctzen den Organismus in solchen Phasen erfolgreich.<\/p>\n","protected":false},"excerpt":{"rendered":"<p>Strath Rekonvaleszenz Tropfen 100 ml sind eine geschmacksneutrale Variante der Strath Kr\u00e4uterhefepr\u00e4paraten. Nach einer Krankheit oder Operation f\u00fchlen sich viele Menschen m\u00fcde und sind noch nicht bei vollen Kr\u00e4ften. Auch Fr\u00fchjahrsm\u00fcdigkeit, eine g\u00e4ngige, durch den Jahreszeitenwechsel hervorgerufene Erscheinung, kann sich unter anderem in Form von Antriebslosigkeit oder M\u00fcdigkeit \u00e4u\u00dfern. Strath Rekonvaleszenz- Tropfen unterst\u00fctzen den Organismus [&hellip;]<\/p>\n","protected":false},"featured_media":70919,"template":"","meta":{"_acf_changed":false},"product_brand":[],"product_cat":[791],"product_tag":[],"class_list":{"0":"post-70917","1":"product","2":"type-product","3":"status-publish","4":"has-post-thumbnail","6":"product_cat-s","7":"pa_packungsgroesse-100ml","9":"first","10":"instock","11":"shipping-taxable","12":"purchasable","13":"product-type-simple"},"acf":[],"_links":{"self":[{"href":"https:\/\/www.ernstbrunn-apotheke.at\/katalog\/wp-json\/wp\/v2\/product\/70917","targetHints":{"allow":["GET"]}}],"collection":[{"href":"https:\/\/www.ernstbrunn-apotheke.at\/katalog\/wp-json\/wp\/v2\/product"}],"about":[{"href":"https:\/\/www.ernstbrunn-apotheke.at\/katalog\/wp-json\/wp\/v2\/types\/product"}],"wp:featuredmedia":[{"embeddable":true,"href":"https:\/\/www.ernstbrunn-apotheke.at\/katalog\/wp-json\/wp\/v2\/media\/70919"}],"wp:attachment":[{"href":"https:\/\/www.ernstbrunn-apotheke.at\/katalog\/wp-json\/wp\/v2\/media?parent=70917"}],"wp:term":[{"taxonomy":"product_brand","embeddable":true,"href":"https:\/\/www.ernstbrunn-apotheke.at\/katalog\/wp-json\/wp\/v2\/product_brand?post=70917"},{"taxonomy":"product_cat","embeddable":true,"href":"https:\/\/www.ernstbrunn-apotheke.at\/katalog\/wp-json\/wp\/v2\/product_cat?post=70917"},{"taxonomy":"product_tag","embeddable":true,"href":"https:\/\/www.ernstbrunn-apotheke.at\/katalog\/wp-json\/wp\/v2\/product_tag?post=70917"}],"curies":[{"name":"wp","href":"https:\/\/api.w.org\/{rel}","templated":true}]}}