{"id":70912,"date":"2025-11-11T19:42:41","date_gmt":"2025-11-11T18:42:41","guid":{"rendered":"https:\/\/www.ernstbrunn-apotheke.at\/katalog\/produkt\/madara-purifying-foam-150-ml\/"},"modified":"2025-12-08T18:15:23","modified_gmt":"2025-12-08T17:15:23","slug":"madara-purifying-foam-150-ml","status":"publish","type":"product","link":"https:\/\/www.ernstbrunn-apotheke.at\/katalog\/produkt\/madara-purifying-foam-150-ml\/","title":{"rendered":"Madara Purifying Foam 150 ml"},"content":{"rendered":"<p>Madara Purifying Foam ist ein reichhaltiger und sanfter Schaum mit nordischem Schafgarbenextrakt. Er reinigt die Haut gr\u00fcndlich, sanft und entfernt Make-Up. Der Schaum reguliert die \u00f6ligen und beruhigt gleichzeitig die trockenen Hautpartien. Die Haut f\u00fchlt sich frisch und angenehm an.<\/p>\n","protected":false},"excerpt":{"rendered":"<p>Madara Purifying Foam ist ein reichhaltiger und sanfter Schaum mit nordischem Schafgarbenextrakt. Er reinigt die Haut gr\u00fcndlich, sanft und entfernt Make-Up. Der Schaum reguliert die \u00f6ligen und beruhigt gleichzeitig die trockenen Hautpartien. Die Haut f\u00fchlt sich frisch und angenehm an.<\/p>\n","protected":false},"featured_media":70914,"template":"","meta":{"_acf_changed":false},"product_brand":[1253],"product_cat":[800],"product_tag":[],"class_list":{"0":"post-70912","1":"product","2":"type-product","3":"status-publish","4":"has-post-thumbnail","6":"product_brand-madara","7":"product_cat-m","8":"pa_packungsgroesse-150ml","10":"first","11":"instock","12":"shipping-taxable","13":"purchasable","14":"product-type-simple"},"acf":[],"_links":{"self":[{"href":"https:\/\/www.ernstbrunn-apotheke.at\/katalog\/wp-json\/wp\/v2\/product\/70912","targetHints":{"allow":["GET"]}}],"collection":[{"href":"https:\/\/www.ernstbrunn-apotheke.at\/katalog\/wp-json\/wp\/v2\/product"}],"about":[{"href":"https:\/\/www.ernstbrunn-apotheke.at\/katalog\/wp-json\/wp\/v2\/types\/product"}],"wp:featuredmedia":[{"embeddable":true,"href":"https:\/\/www.ernstbrunn-apotheke.at\/katalog\/wp-json\/wp\/v2\/media\/70914"}],"wp:attachment":[{"href":"https:\/\/www.ernstbrunn-apotheke.at\/katalog\/wp-json\/wp\/v2\/media?parent=70912"}],"wp:term":[{"taxonomy":"product_brand","embeddable":true,"href":"https:\/\/www.ernstbrunn-apotheke.at\/katalog\/wp-json\/wp\/v2\/product_brand?post=70912"},{"taxonomy":"product_cat","embeddable":true,"href":"https:\/\/www.ernstbrunn-apotheke.at\/katalog\/wp-json\/wp\/v2\/product_cat?post=70912"},{"taxonomy":"product_tag","embeddable":true,"href":"https:\/\/www.ernstbrunn-apotheke.at\/katalog\/wp-json\/wp\/v2\/product_tag?post=70912"}],"curies":[{"name":"wp","href":"https:\/\/api.w.org\/{rel}","templated":true}]}}