{"id":70909,"date":"2025-11-11T19:41:56","date_gmt":"2025-11-11T18:41:56","guid":{"rendered":"https:\/\/www.ernstbrunn-apotheke.at\/katalog\/produkt\/stellisept-med-gloves\/"},"modified":"2025-12-08T18:15:22","modified_gmt":"2025-12-08T17:15:22","slug":"stellisept-med-gloves","status":"publish","type":"product","link":"https:\/\/www.ernstbrunn-apotheke.at\/katalog\/produkt\/stellisept-med-gloves\/","title":{"rendered":"Stellisept med gloves"},"content":{"rendered":"<p>Eine Packung enth\u00e4lt 10 Waschhandschuhe, so dass f\u00fcr jede K\u00f6rperregion ein frischer Waschhandschuh verwendet werden kann. Auch zur Haarw\u00e4sche geeignet. Kein Absp\u00fclen notwendig. Kann in der Mikrowelle gew\u00e4rmt werden.<\/p>\n","protected":false},"excerpt":{"rendered":"<p>Eine Packung enth\u00e4lt 10 Waschhandschuhe, so dass f\u00fcr jede K\u00f6rperregion ein frischer Waschhandschuh verwendet werden kann. Auch zur Haarw\u00e4sche geeignet. Kein Absp\u00fclen notwendig. Kann in der Mikrowelle gew\u00e4rmt werden.<\/p>\n","protected":false},"featured_media":70911,"template":"","meta":{"_acf_changed":false},"product_brand":[],"product_cat":[791],"product_tag":[],"class_list":{"0":"post-70909","1":"product","2":"type-product","3":"status-publish","4":"has-post-thumbnail","6":"product_cat-s","7":"pa_packungsgroesse-10-stueck","9":"first","10":"instock","11":"shipping-taxable","12":"purchasable","13":"product-type-simple"},"acf":[],"_links":{"self":[{"href":"https:\/\/www.ernstbrunn-apotheke.at\/katalog\/wp-json\/wp\/v2\/product\/70909","targetHints":{"allow":["GET"]}}],"collection":[{"href":"https:\/\/www.ernstbrunn-apotheke.at\/katalog\/wp-json\/wp\/v2\/product"}],"about":[{"href":"https:\/\/www.ernstbrunn-apotheke.at\/katalog\/wp-json\/wp\/v2\/types\/product"}],"wp:featuredmedia":[{"embeddable":true,"href":"https:\/\/www.ernstbrunn-apotheke.at\/katalog\/wp-json\/wp\/v2\/media\/70911"}],"wp:attachment":[{"href":"https:\/\/www.ernstbrunn-apotheke.at\/katalog\/wp-json\/wp\/v2\/media?parent=70909"}],"wp:term":[{"taxonomy":"product_brand","embeddable":true,"href":"https:\/\/www.ernstbrunn-apotheke.at\/katalog\/wp-json\/wp\/v2\/product_brand?post=70909"},{"taxonomy":"product_cat","embeddable":true,"href":"https:\/\/www.ernstbrunn-apotheke.at\/katalog\/wp-json\/wp\/v2\/product_cat?post=70909"},{"taxonomy":"product_tag","embeddable":true,"href":"https:\/\/www.ernstbrunn-apotheke.at\/katalog\/wp-json\/wp\/v2\/product_tag?post=70909"}],"curies":[{"name":"wp","href":"https:\/\/api.w.org\/{rel}","templated":true}]}}