{"id":70890,"date":"2025-11-11T19:41:56","date_gmt":"2025-11-11T18:41:56","guid":{"rendered":"https:\/\/www.ernstbrunn-apotheke.at\/katalog\/produkt\/salus-freetox-bio-kraeuterelixier-250-ml\/"},"modified":"2025-12-08T18:15:18","modified_gmt":"2025-12-08T17:15:18","slug":"salus-freetox-bio-kraeuterelixier-250-ml","status":"publish","type":"product","link":"https:\/\/www.ernstbrunn-apotheke.at\/katalog\/produkt\/salus-freetox-bio-kraeuterelixier-250-ml\/","title":{"rendered":"Salus Freetox Bio Kr\u00e4uterelixier 250 ml"},"content":{"rendered":"<p>Salus Freetox Bio Kr\u00e4uterelixier um Verd\u00fcnnen unterst\u00fctzt die Ausleitung von unter anderem harnpflichtigen Substanzen \u00fcber die Nieren. Gerstengras hat einen hohen Anteil an Vitaminen, Mineralstoffen, Spurenelementen und Chlorophyll. Birkenbl\u00e4tter dagegen wirken antioxidativ und entz\u00fcndungshemmend.<\/p>\n","protected":false},"excerpt":{"rendered":"<p>Salus Freetox Bio Kr\u00e4uterelixier um Verd\u00fcnnen unterst\u00fctzt die Ausleitung von unter anderem harnpflichtigen Substanzen \u00fcber die Nieren. Gerstengras hat einen hohen Anteil an Vitaminen, Mineralstoffen, Spurenelementen und Chlorophyll. Birkenbl\u00e4tter dagegen wirken antioxidativ und entz\u00fcndungshemmend.<\/p>\n","protected":false},"featured_media":70892,"template":"","meta":{"_acf_changed":false},"product_brand":[],"product_cat":[791],"product_tag":[],"class_list":{"0":"post-70890","1":"product","2":"type-product","3":"status-publish","4":"has-post-thumbnail","6":"product_cat-s","7":"pa_packungsgroesse-250ml","9":"first","10":"instock","11":"shipping-taxable","12":"purchasable","13":"product-type-simple"},"acf":[],"_links":{"self":[{"href":"https:\/\/www.ernstbrunn-apotheke.at\/katalog\/wp-json\/wp\/v2\/product\/70890","targetHints":{"allow":["GET"]}}],"collection":[{"href":"https:\/\/www.ernstbrunn-apotheke.at\/katalog\/wp-json\/wp\/v2\/product"}],"about":[{"href":"https:\/\/www.ernstbrunn-apotheke.at\/katalog\/wp-json\/wp\/v2\/types\/product"}],"wp:featuredmedia":[{"embeddable":true,"href":"https:\/\/www.ernstbrunn-apotheke.at\/katalog\/wp-json\/wp\/v2\/media\/70892"}],"wp:attachment":[{"href":"https:\/\/www.ernstbrunn-apotheke.at\/katalog\/wp-json\/wp\/v2\/media?parent=70890"}],"wp:term":[{"taxonomy":"product_brand","embeddable":true,"href":"https:\/\/www.ernstbrunn-apotheke.at\/katalog\/wp-json\/wp\/v2\/product_brand?post=70890"},{"taxonomy":"product_cat","embeddable":true,"href":"https:\/\/www.ernstbrunn-apotheke.at\/katalog\/wp-json\/wp\/v2\/product_cat?post=70890"},{"taxonomy":"product_tag","embeddable":true,"href":"https:\/\/www.ernstbrunn-apotheke.at\/katalog\/wp-json\/wp\/v2\/product_tag?post=70890"}],"curies":[{"name":"wp","href":"https:\/\/api.w.org\/{rel}","templated":true}]}}