{"id":70830,"date":"2025-11-11T19:40:48","date_gmt":"2025-11-11T18:40:48","guid":{"rendered":"https:\/\/www.ernstbrunn-apotheke.at\/katalog\/produkt\/allgaeuer-latschenkiefer-arnika-einreibung-puder-100-ml\/"},"modified":"2025-12-08T18:15:03","modified_gmt":"2025-12-08T17:15:03","slug":"allgaeuer-latschenkiefer-arnika-einreibung-puder-100-ml","status":"publish","type":"product","link":"https:\/\/www.ernstbrunn-apotheke.at\/katalog\/produkt\/allgaeuer-latschenkiefer-arnika-einreibung-puder-100-ml\/","title":{"rendered":"Allg\u00e4uer Latschenkiefer Arnika Einreibung Puder 100 ml"},"content":{"rendered":"<p>Allg\u00e4uer Latschenkiefer Arnika Einreibung Puder enth\u00e4lt den wertvollen Arnikaextrakt und nat\u00fcrliche \u00d6le wie Salbei- und Rosmarin\u00f6l und das Original Allg\u00e4uer Latschenkiefern\u00f6l. Durch kr\u00e4ftiges Einreiben und Massieren unter Verwendung von dieser Einreibung erfrischen und entspannen Ihre beanspruchten Muskeln, w\u00e4hrend gleichzeitig die wertvollen Inhaltstoffe die Haut pflegen und f\u00fcr einen entspannenden Duft sorgen.<\/p>\n","protected":false},"excerpt":{"rendered":"<p>Allg\u00e4uer Latschenkiefer Arnika Einreibung Puder enth\u00e4lt den wertvollen Arnikaextrakt und nat\u00fcrliche \u00d6le wie Salbei- und Rosmarin\u00f6l und das Original Allg\u00e4uer Latschenkiefern\u00f6l. Durch kr\u00e4ftiges Einreiben und Massieren unter Verwendung von dieser Einreibung erfrischen und entspannen Ihre beanspruchten Muskeln, w\u00e4hrend gleichzeitig die wertvollen Inhaltstoffe die Haut pflegen und f\u00fcr einen entspannenden Duft sorgen.<\/p>\n","protected":false},"featured_media":70832,"template":"","meta":{"_acf_changed":false},"product_brand":[744],"product_cat":[801],"product_tag":[],"class_list":{"0":"post-70830","1":"product","2":"type-product","3":"status-publish","4":"has-post-thumbnail","6":"product_brand-allgaeuer-latschenkiefer","7":"product_cat-a","8":"pa_packungsgroesse-100ml","10":"first","11":"instock","12":"shipping-taxable","13":"purchasable","14":"product-type-simple"},"acf":[],"_links":{"self":[{"href":"https:\/\/www.ernstbrunn-apotheke.at\/katalog\/wp-json\/wp\/v2\/product\/70830","targetHints":{"allow":["GET"]}}],"collection":[{"href":"https:\/\/www.ernstbrunn-apotheke.at\/katalog\/wp-json\/wp\/v2\/product"}],"about":[{"href":"https:\/\/www.ernstbrunn-apotheke.at\/katalog\/wp-json\/wp\/v2\/types\/product"}],"wp:featuredmedia":[{"embeddable":true,"href":"https:\/\/www.ernstbrunn-apotheke.at\/katalog\/wp-json\/wp\/v2\/media\/70832"}],"wp:attachment":[{"href":"https:\/\/www.ernstbrunn-apotheke.at\/katalog\/wp-json\/wp\/v2\/media?parent=70830"}],"wp:term":[{"taxonomy":"product_brand","embeddable":true,"href":"https:\/\/www.ernstbrunn-apotheke.at\/katalog\/wp-json\/wp\/v2\/product_brand?post=70830"},{"taxonomy":"product_cat","embeddable":true,"href":"https:\/\/www.ernstbrunn-apotheke.at\/katalog\/wp-json\/wp\/v2\/product_cat?post=70830"},{"taxonomy":"product_tag","embeddable":true,"href":"https:\/\/www.ernstbrunn-apotheke.at\/katalog\/wp-json\/wp\/v2\/product_tag?post=70830"}],"curies":[{"name":"wp","href":"https:\/\/api.w.org\/{rel}","templated":true}]}}