{"id":70706,"date":"2025-11-11T19:09:30","date_gmt":"2025-11-11T18:09:30","guid":{"rendered":"https:\/\/www.ernstbrunn-apotheke.at\/katalog\/produkt\/tetesept-magnesium-aminosaeuren-tabletten-30-stk\/"},"modified":"2025-12-08T18:14:20","modified_gmt":"2025-12-08T17:14:20","slug":"tetesept-magnesium-aminosaeuren-tabletten-30-stk","status":"publish","type":"product","link":"https:\/\/www.ernstbrunn-apotheke.at\/katalog\/produkt\/tetesept-magnesium-aminosaeuren-tabletten-30-stk\/","title":{"rendered":"Tetesept Magnesium Aminos\u00e4uren Tabletten 30 Stk."},"content":{"rendered":"<p>Tetesept Magnesium Aminos\u00e4uren Tabletten tragen zum Erhalt der Muskeln, der Eiwei\u00dfsynthese und des Energiestoffwechsels bei. Magnesium und Aminos\u00e4ure sind essentielle N\u00e4hrstoffe, die dem K\u00f6rper \u00fcber die Nahrung zugef\u00fchrt werden m\u00fcssen. Diese spielen eine wichtige Rolle in verschiedenen k\u00f6rperlichen Prozessen und sind bei Krankheit oder Sport von besonderer Bedeutung.<\/p>\n","protected":false},"excerpt":{"rendered":"<p>Tetesept Magnesium Aminos\u00e4uren Tabletten tragen zum Erhalt der Muskeln, der Eiwei\u00dfsynthese und des Energiestoffwechsels bei. Magnesium und Aminos\u00e4ure sind essentielle N\u00e4hrstoffe, die dem K\u00f6rper \u00fcber die Nahrung zugef\u00fchrt werden m\u00fcssen. Diese spielen eine wichtige Rolle in verschiedenen k\u00f6rperlichen Prozessen und sind bei Krankheit oder Sport von besonderer Bedeutung.<\/p>\n","protected":false},"featured_media":70708,"template":"","meta":{"_acf_changed":false},"product_brand":[487],"product_cat":[798],"product_tag":[],"class_list":{"0":"post-70706","1":"product","2":"type-product","3":"status-publish","4":"has-post-thumbnail","6":"product_brand-tetesept","7":"product_cat-t","8":"pa_packungsgroesse-30-stueck","10":"first","11":"instock","12":"shipping-taxable","13":"purchasable","14":"product-type-simple"},"acf":[],"_links":{"self":[{"href":"https:\/\/www.ernstbrunn-apotheke.at\/katalog\/wp-json\/wp\/v2\/product\/70706","targetHints":{"allow":["GET"]}}],"collection":[{"href":"https:\/\/www.ernstbrunn-apotheke.at\/katalog\/wp-json\/wp\/v2\/product"}],"about":[{"href":"https:\/\/www.ernstbrunn-apotheke.at\/katalog\/wp-json\/wp\/v2\/types\/product"}],"wp:featuredmedia":[{"embeddable":true,"href":"https:\/\/www.ernstbrunn-apotheke.at\/katalog\/wp-json\/wp\/v2\/media\/70708"}],"wp:attachment":[{"href":"https:\/\/www.ernstbrunn-apotheke.at\/katalog\/wp-json\/wp\/v2\/media?parent=70706"}],"wp:term":[{"taxonomy":"product_brand","embeddable":true,"href":"https:\/\/www.ernstbrunn-apotheke.at\/katalog\/wp-json\/wp\/v2\/product_brand?post=70706"},{"taxonomy":"product_cat","embeddable":true,"href":"https:\/\/www.ernstbrunn-apotheke.at\/katalog\/wp-json\/wp\/v2\/product_cat?post=70706"},{"taxonomy":"product_tag","embeddable":true,"href":"https:\/\/www.ernstbrunn-apotheke.at\/katalog\/wp-json\/wp\/v2\/product_tag?post=70706"}],"curies":[{"name":"wp","href":"https:\/\/api.w.org\/{rel}","templated":true}]}}