{"id":70635,"date":"2025-11-11T19:09:30","date_gmt":"2025-11-11T18:09:30","guid":{"rendered":"https:\/\/www.ernstbrunn-apotheke.at\/katalog\/produkt\/riviera-massageoel-ringelblume-johannisbeere-250-ml\/"},"modified":"2025-12-08T18:14:06","modified_gmt":"2025-12-08T17:14:06","slug":"riviera-massageoel-ringelblume-johannisbeere-250-ml","status":"publish","type":"product","link":"https:\/\/www.ernstbrunn-apotheke.at\/katalog\/produkt\/riviera-massageoel-ringelblume-johannisbeere-250-ml\/","title":{"rendered":"Riviera Massage\u00f6l Ringelblume + Johannisbeere 250 ml"},"content":{"rendered":"<p>Riviera Massage\u00f6l Ringelblume + Johannisbeere wird f\u00fcr die t\u00e4gliche Pflege der Haut angewendet, um die Elastizit\u00e4t und Geschmeidigkeit zu bewahren und sie vor Austrocknung zu sch\u00fctzen. Durch intensives Einmassieren ziehen die hautpflegenden Bestandteile rasch in die Haut ein und bewirken insgesamt ein angenehmes und wohltuendes Hautgef\u00fchl.<\/p>\n","protected":false},"excerpt":{"rendered":"<p>Riviera Massage\u00f6l Ringelblume + Johannisbeere wird f\u00fcr die t\u00e4gliche Pflege der Haut angewendet, um die Elastizit\u00e4t und Geschmeidigkeit zu bewahren und sie vor Austrocknung zu sch\u00fctzen. Durch intensives Einmassieren ziehen die hautpflegenden Bestandteile rasch in die Haut ein und bewirken insgesamt ein angenehmes und wohltuendes Hautgef\u00fchl.<\/p>\n","protected":false},"featured_media":70637,"template":"","meta":{"_acf_changed":false},"product_brand":[303],"product_cat":[808],"product_tag":[],"class_list":{"0":"post-70635","1":"product","2":"type-product","3":"status-publish","4":"has-post-thumbnail","6":"product_brand-riviera","7":"product_cat-r","8":"pa_packungsgroesse-250ml","10":"first","11":"instock","12":"shipping-taxable","13":"purchasable","14":"product-type-simple"},"acf":[],"_links":{"self":[{"href":"https:\/\/www.ernstbrunn-apotheke.at\/katalog\/wp-json\/wp\/v2\/product\/70635","targetHints":{"allow":["GET"]}}],"collection":[{"href":"https:\/\/www.ernstbrunn-apotheke.at\/katalog\/wp-json\/wp\/v2\/product"}],"about":[{"href":"https:\/\/www.ernstbrunn-apotheke.at\/katalog\/wp-json\/wp\/v2\/types\/product"}],"wp:featuredmedia":[{"embeddable":true,"href":"https:\/\/www.ernstbrunn-apotheke.at\/katalog\/wp-json\/wp\/v2\/media\/70637"}],"wp:attachment":[{"href":"https:\/\/www.ernstbrunn-apotheke.at\/katalog\/wp-json\/wp\/v2\/media?parent=70635"}],"wp:term":[{"taxonomy":"product_brand","embeddable":true,"href":"https:\/\/www.ernstbrunn-apotheke.at\/katalog\/wp-json\/wp\/v2\/product_brand?post=70635"},{"taxonomy":"product_cat","embeddable":true,"href":"https:\/\/www.ernstbrunn-apotheke.at\/katalog\/wp-json\/wp\/v2\/product_cat?post=70635"},{"taxonomy":"product_tag","embeddable":true,"href":"https:\/\/www.ernstbrunn-apotheke.at\/katalog\/wp-json\/wp\/v2\/product_tag?post=70635"}],"curies":[{"name":"wp","href":"https:\/\/api.w.org\/{rel}","templated":true}]}}