{"id":70597,"date":"2025-11-11T19:08:29","date_gmt":"2025-11-11T18:08:29","guid":{"rendered":"https:\/\/www.ernstbrunn-apotheke.at\/katalog\/produkt\/futuro-custom-dial-handgelenkschiene-1-stk\/"},"modified":"2025-12-08T18:13:57","modified_gmt":"2025-12-08T17:13:57","slug":"futuro-custom-dial-handgelenkschiene-1-stk","status":"publish","type":"product","link":"https:\/\/www.ernstbrunn-apotheke.at\/katalog\/produkt\/futuro-custom-dial-handgelenkschiene-1-stk\/","title":{"rendered":"Futuro Custom Dial Handgelenkschiene 1 Stk."},"content":{"rendered":"<p>Futuro Custom Dial Handgelenkschiene stabilisiert Ihr Handgelenk, ohne die Bewegung Ihrer Finger und H\u00e4nde einzuschr\u00e4nken. Sie bietet Ihnen die optimale Unterst\u00fctzung und macht Ihren Alltag mit jedem Klick leichter. Das Einstellrad sorgt f\u00fcr perfekten Sitz und personalisierte Stabilisierung. Atmungsaktiv und federleicht.<\/p>\n","protected":false},"excerpt":{"rendered":"<p>Futuro Custom Dial Handgelenkschiene stabilisiert Ihr Handgelenk, ohne die Bewegung Ihrer Finger und H\u00e4nde einzuschr\u00e4nken. Sie bietet Ihnen die optimale Unterst\u00fctzung und macht Ihren Alltag mit jedem Klick leichter. Das Einstellrad sorgt f\u00fcr perfekten Sitz und personalisierte Stabilisierung. Atmungsaktiv und federleicht.<\/p>\n","protected":false},"featured_media":70599,"template":"","meta":{"_acf_changed":false},"product_brand":[413],"product_cat":[809],"product_tag":[],"class_list":{"0":"post-70597","1":"product","2":"type-product","3":"status-publish","4":"has-post-thumbnail","6":"product_brand-futuro","7":"product_cat-f","8":"pa_packungsgroesse-1-stueck","10":"first","11":"instock","12":"shipping-taxable","13":"purchasable","14":"product-type-simple"},"acf":[],"_links":{"self":[{"href":"https:\/\/www.ernstbrunn-apotheke.at\/katalog\/wp-json\/wp\/v2\/product\/70597","targetHints":{"allow":["GET"]}}],"collection":[{"href":"https:\/\/www.ernstbrunn-apotheke.at\/katalog\/wp-json\/wp\/v2\/product"}],"about":[{"href":"https:\/\/www.ernstbrunn-apotheke.at\/katalog\/wp-json\/wp\/v2\/types\/product"}],"wp:featuredmedia":[{"embeddable":true,"href":"https:\/\/www.ernstbrunn-apotheke.at\/katalog\/wp-json\/wp\/v2\/media\/70599"}],"wp:attachment":[{"href":"https:\/\/www.ernstbrunn-apotheke.at\/katalog\/wp-json\/wp\/v2\/media?parent=70597"}],"wp:term":[{"taxonomy":"product_brand","embeddable":true,"href":"https:\/\/www.ernstbrunn-apotheke.at\/katalog\/wp-json\/wp\/v2\/product_brand?post=70597"},{"taxonomy":"product_cat","embeddable":true,"href":"https:\/\/www.ernstbrunn-apotheke.at\/katalog\/wp-json\/wp\/v2\/product_cat?post=70597"},{"taxonomy":"product_tag","embeddable":true,"href":"https:\/\/www.ernstbrunn-apotheke.at\/katalog\/wp-json\/wp\/v2\/product_tag?post=70597"}],"curies":[{"name":"wp","href":"https:\/\/api.w.org\/{rel}","templated":true}]}}