{"id":70512,"date":"2025-11-11T19:06:36","date_gmt":"2025-11-11T18:06:36","guid":{"rendered":"https:\/\/www.ernstbrunn-apotheke.at\/katalog\/produkt\/ehrmed-gruenlippmuschel-kapseln-90-stk\/"},"modified":"2025-12-08T18:13:32","modified_gmt":"2025-12-08T17:13:32","slug":"ehrmed-gruenlippmuschel-kapseln-90-stk","status":"publish","type":"product","link":"https:\/\/www.ernstbrunn-apotheke.at\/katalog\/produkt\/ehrmed-gruenlippmuschel-kapseln-90-stk\/","title":{"rendered":"Ehrmed Gr\u00fcnlippmuschel Kapseln 90 Stk."},"content":{"rendered":"<p>Ehrmed Gr\u00fcnlippmuschel Kapseln tragen zur normalen Funktion der Gelenke und Knorpel bei. F\u00fcr gesunde Gelenke.<\/p>\n","protected":false},"excerpt":{"rendered":"<p>Ehrmed Gr\u00fcnlippmuschel Kapseln tragen zur normalen Funktion der Gelenke und Knorpel bei. F\u00fcr gesunde Gelenke.<\/p>\n","protected":false},"featured_media":70514,"template":"","meta":{"_acf_changed":false},"product_brand":[],"product_cat":[794],"product_tag":[],"class_list":{"0":"post-70512","1":"product","2":"type-product","3":"status-publish","4":"has-post-thumbnail","6":"product_cat-e","7":"pa_packungsgroesse-90-stueck","9":"first","10":"instock","11":"shipping-taxable","12":"purchasable","13":"product-type-simple"},"acf":[],"_links":{"self":[{"href":"https:\/\/www.ernstbrunn-apotheke.at\/katalog\/wp-json\/wp\/v2\/product\/70512","targetHints":{"allow":["GET"]}}],"collection":[{"href":"https:\/\/www.ernstbrunn-apotheke.at\/katalog\/wp-json\/wp\/v2\/product"}],"about":[{"href":"https:\/\/www.ernstbrunn-apotheke.at\/katalog\/wp-json\/wp\/v2\/types\/product"}],"wp:featuredmedia":[{"embeddable":true,"href":"https:\/\/www.ernstbrunn-apotheke.at\/katalog\/wp-json\/wp\/v2\/media\/70514"}],"wp:attachment":[{"href":"https:\/\/www.ernstbrunn-apotheke.at\/katalog\/wp-json\/wp\/v2\/media?parent=70512"}],"wp:term":[{"taxonomy":"product_brand","embeddable":true,"href":"https:\/\/www.ernstbrunn-apotheke.at\/katalog\/wp-json\/wp\/v2\/product_brand?post=70512"},{"taxonomy":"product_cat","embeddable":true,"href":"https:\/\/www.ernstbrunn-apotheke.at\/katalog\/wp-json\/wp\/v2\/product_cat?post=70512"},{"taxonomy":"product_tag","embeddable":true,"href":"https:\/\/www.ernstbrunn-apotheke.at\/katalog\/wp-json\/wp\/v2\/product_tag?post=70512"}],"curies":[{"name":"wp","href":"https:\/\/api.w.org\/{rel}","templated":true}]}}