{"id":70508,"date":"2025-11-11T19:06:36","date_gmt":"2025-11-11T18:06:36","guid":{"rendered":"https:\/\/www.ernstbrunn-apotheke.at\/katalog\/produkt\/sebamed-fluessig-wasch-emulsion\/"},"modified":"2025-12-08T18:13:30","modified_gmt":"2025-12-08T17:13:30","slug":"sebamed-fluessig-wasch-emulsion","status":"publish","type":"product","link":"https:\/\/www.ernstbrunn-apotheke.at\/katalog\/produkt\/sebamed-fluessig-wasch-emulsion\/","title":{"rendered":"Sebamed Fl\u00fcssig Wasch-Emulsion"},"content":{"rendered":"<p>Ein Reinigungskomplex mit besonders milden Waschaktivsubstanzen reinigt die empfindliche Haut und hilft, die Haut vor Reizung und Austrocknung zu sch\u00fctzen. Ein Pflegekomplex mit Pentavitin\u00ae*, Glycerin und Panthenol gleicht Feuchtigkeitsverlust aus. Der pH-Wert 5,5 unterst\u00fctzt den nat\u00fcrlichen Hautschutzmantel und macht sie widerstandsf\u00e4higer. Hervorragende Eignung f\u00fcr empfindliche und problematische Haut &#8211; dermatologisch-klinisch getestet. Bei Hauterkrankungen und Seifenverbot nach R\u00fccksprache mit dem Arzt.<\/p>\n","protected":false},"excerpt":{"rendered":"<p>Ein Reinigungskomplex mit besonders milden Waschaktivsubstanzen reinigt die empfindliche Haut und hilft, die Haut vor Reizung und Austrocknung zu sch\u00fctzen. Ein Pflegekomplex mit Pentavitin\u00ae*, Glycerin und Panthenol gleicht Feuchtigkeitsverlust aus. Der pH-Wert 5,5 unterst\u00fctzt den nat\u00fcrlichen Hautschutzmantel und macht sie widerstandsf\u00e4higer. Hervorragende Eignung f\u00fcr empfindliche und problematische Haut &#8211; dermatologisch-klinisch getestet. Bei Hauterkrankungen und Seifenverbot [&hellip;]<\/p>\n","protected":false},"featured_media":70510,"template":"","meta":{"_acf_changed":false},"product_brand":[737],"product_cat":[791],"product_tag":[],"class_list":{"0":"post-70508","1":"product","2":"type-product","3":"status-publish","4":"has-post-thumbnail","6":"product_brand-sebamed","7":"product_cat-s","8":"pa_packungsgroesse-400ml","10":"first","11":"instock","12":"shipping-taxable","13":"purchasable","14":"product-type-simple"},"acf":[],"_links":{"self":[{"href":"https:\/\/www.ernstbrunn-apotheke.at\/katalog\/wp-json\/wp\/v2\/product\/70508","targetHints":{"allow":["GET"]}}],"collection":[{"href":"https:\/\/www.ernstbrunn-apotheke.at\/katalog\/wp-json\/wp\/v2\/product"}],"about":[{"href":"https:\/\/www.ernstbrunn-apotheke.at\/katalog\/wp-json\/wp\/v2\/types\/product"}],"wp:featuredmedia":[{"embeddable":true,"href":"https:\/\/www.ernstbrunn-apotheke.at\/katalog\/wp-json\/wp\/v2\/media\/70510"}],"wp:attachment":[{"href":"https:\/\/www.ernstbrunn-apotheke.at\/katalog\/wp-json\/wp\/v2\/media?parent=70508"}],"wp:term":[{"taxonomy":"product_brand","embeddable":true,"href":"https:\/\/www.ernstbrunn-apotheke.at\/katalog\/wp-json\/wp\/v2\/product_brand?post=70508"},{"taxonomy":"product_cat","embeddable":true,"href":"https:\/\/www.ernstbrunn-apotheke.at\/katalog\/wp-json\/wp\/v2\/product_cat?post=70508"},{"taxonomy":"product_tag","embeddable":true,"href":"https:\/\/www.ernstbrunn-apotheke.at\/katalog\/wp-json\/wp\/v2\/product_tag?post=70508"}],"curies":[{"name":"wp","href":"https:\/\/api.w.org\/{rel}","templated":true}]}}