{"id":70416,"date":"2025-11-11T19:04:55","date_gmt":"2025-11-11T18:04:55","guid":{"rendered":"https:\/\/www.ernstbrunn-apotheke.at\/katalog\/produkt\/gum-aftaclear-mundspuelung-120-ml\/"},"modified":"2025-12-08T18:12:59","modified_gmt":"2025-12-08T17:12:59","slug":"gum-aftaclear-mundspuelung-120-ml","status":"publish","type":"product","link":"https:\/\/www.ernstbrunn-apotheke.at\/katalog\/produkt\/gum-aftaclear-mundspuelung-120-ml\/","title":{"rendered":"GUM AftaClear Mundsp\u00fclung 120 ml"},"content":{"rendered":"<p>GUM\u00ae AftaClear\u00ae Mundsp\u00fclung ist ideal bei multiplen L\u00e4sionen oder in schwerzug\u00e4nglichen Bereichen.Zur Prophylaxe von wiederkehrenden und \/ oder fortschreitendenAphthen oder sonstigen Mundl\u00e4sionen.Mit praktischem Messbecher f\u00fcr eine einfacheAnwendung.Enth\u00e4lt 0,1 % Hyalurons\u00e4ure.<\/p>\n","protected":false},"excerpt":{"rendered":"<p>GUM\u00ae AftaClear\u00ae Mundsp\u00fclung ist ideal bei multiplen L\u00e4sionen oder in schwerzug\u00e4nglichen Bereichen.Zur Prophylaxe von wiederkehrenden und \/ oder fortschreitendenAphthen oder sonstigen Mundl\u00e4sionen.Mit praktischem Messbecher f\u00fcr eine einfacheAnwendung.Enth\u00e4lt 0,1 % Hyalurons\u00e4ure.<\/p>\n","protected":false},"featured_media":70418,"template":"","meta":{"_acf_changed":false},"product_brand":[894],"product_cat":[810],"product_tag":[],"class_list":{"0":"post-70416","1":"product","2":"type-product","3":"status-publish","4":"has-post-thumbnail","6":"product_brand-g-u-m","7":"product_cat-g","8":"pa_packungsgroesse-120ml","10":"first","11":"instock","12":"shipping-taxable","13":"purchasable","14":"product-type-simple"},"acf":[],"_links":{"self":[{"href":"https:\/\/www.ernstbrunn-apotheke.at\/katalog\/wp-json\/wp\/v2\/product\/70416","targetHints":{"allow":["GET"]}}],"collection":[{"href":"https:\/\/www.ernstbrunn-apotheke.at\/katalog\/wp-json\/wp\/v2\/product"}],"about":[{"href":"https:\/\/www.ernstbrunn-apotheke.at\/katalog\/wp-json\/wp\/v2\/types\/product"}],"wp:featuredmedia":[{"embeddable":true,"href":"https:\/\/www.ernstbrunn-apotheke.at\/katalog\/wp-json\/wp\/v2\/media\/70418"}],"wp:attachment":[{"href":"https:\/\/www.ernstbrunn-apotheke.at\/katalog\/wp-json\/wp\/v2\/media?parent=70416"}],"wp:term":[{"taxonomy":"product_brand","embeddable":true,"href":"https:\/\/www.ernstbrunn-apotheke.at\/katalog\/wp-json\/wp\/v2\/product_brand?post=70416"},{"taxonomy":"product_cat","embeddable":true,"href":"https:\/\/www.ernstbrunn-apotheke.at\/katalog\/wp-json\/wp\/v2\/product_cat?post=70416"},{"taxonomy":"product_tag","embeddable":true,"href":"https:\/\/www.ernstbrunn-apotheke.at\/katalog\/wp-json\/wp\/v2\/product_tag?post=70416"}],"curies":[{"name":"wp","href":"https:\/\/api.w.org\/{rel}","templated":true}]}}