{"id":70326,"date":"2025-11-11T19:03:34","date_gmt":"2025-11-11T18:03:34","guid":{"rendered":"https:\/\/www.ernstbrunn-apotheke.at\/katalog\/produkt\/apofit-aloe-vera-oel-100-ml\/"},"modified":"2025-12-08T18:12:20","modified_gmt":"2025-12-08T17:12:20","slug":"apofit-aloe-vera-oel-100-ml","status":"publish","type":"product","link":"https:\/\/www.ernstbrunn-apotheke.at\/katalog\/produkt\/apofit-aloe-vera-oel-100-ml\/","title":{"rendered":"Apofit Aloe Vera \u00d6l 100 ml"},"content":{"rendered":"<p>Apofit Aloe Vera \u00d6l schenkt der Haut tiefenwirksame Feuchtigkeit und wirkt entz\u00fcndungshemmend. Besonders wirksam bei trockener und spr\u00f6der Haut. Die schnell einziehende Pflege hinterl\u00e4sst einen seidigen Schimmer auf der Haut. In der Aromatherapie bildet das \u00d6l eine feuchtigkeitsspendende Basis zum Mischen mit \u00e4therischen \u00d6len.<\/p>\n","protected":false},"excerpt":{"rendered":"<p>Apofit Aloe Vera \u00d6l schenkt der Haut tiefenwirksame Feuchtigkeit und wirkt entz\u00fcndungshemmend. Besonders wirksam bei trockener und spr\u00f6der Haut. Die schnell einziehende Pflege hinterl\u00e4sst einen seidigen Schimmer auf der Haut. In der Aromatherapie bildet das \u00d6l eine feuchtigkeitsspendende Basis zum Mischen mit \u00e4therischen \u00d6len.<\/p>\n","protected":false},"featured_media":70328,"template":"","meta":{"_acf_changed":false},"product_brand":[584],"product_cat":[801],"product_tag":[],"class_list":{"0":"post-70326","1":"product","2":"type-product","3":"status-publish","4":"has-post-thumbnail","6":"product_brand-apofit","7":"product_cat-a","8":"pa_packungsgroesse-100ml","10":"first","11":"instock","12":"shipping-taxable","13":"purchasable","14":"product-type-simple"},"acf":[],"_links":{"self":[{"href":"https:\/\/www.ernstbrunn-apotheke.at\/katalog\/wp-json\/wp\/v2\/product\/70326","targetHints":{"allow":["GET"]}}],"collection":[{"href":"https:\/\/www.ernstbrunn-apotheke.at\/katalog\/wp-json\/wp\/v2\/product"}],"about":[{"href":"https:\/\/www.ernstbrunn-apotheke.at\/katalog\/wp-json\/wp\/v2\/types\/product"}],"wp:featuredmedia":[{"embeddable":true,"href":"https:\/\/www.ernstbrunn-apotheke.at\/katalog\/wp-json\/wp\/v2\/media\/70328"}],"wp:attachment":[{"href":"https:\/\/www.ernstbrunn-apotheke.at\/katalog\/wp-json\/wp\/v2\/media?parent=70326"}],"wp:term":[{"taxonomy":"product_brand","embeddable":true,"href":"https:\/\/www.ernstbrunn-apotheke.at\/katalog\/wp-json\/wp\/v2\/product_brand?post=70326"},{"taxonomy":"product_cat","embeddable":true,"href":"https:\/\/www.ernstbrunn-apotheke.at\/katalog\/wp-json\/wp\/v2\/product_cat?post=70326"},{"taxonomy":"product_tag","embeddable":true,"href":"https:\/\/www.ernstbrunn-apotheke.at\/katalog\/wp-json\/wp\/v2\/product_tag?post=70326"}],"curies":[{"name":"wp","href":"https:\/\/api.w.org\/{rel}","templated":true}]}}