{"id":70256,"date":"2025-11-11T19:01:14","date_gmt":"2025-11-11T18:01:14","guid":{"rendered":"https:\/\/www.ernstbrunn-apotheke.at\/katalog\/produkt\/heublumensack\/"},"modified":"2025-12-08T18:11:57","modified_gmt":"2025-12-08T17:11:57","slug":"heublumensack","status":"publish","type":"product","link":"https:\/\/www.ernstbrunn-apotheke.at\/katalog\/produkt\/heublumensack\/","title":{"rendered":"Heublumensack"},"content":{"rendered":"<p>Heublumensack dient zur intensiven lokalen W\u00e4rmebehandlung. Besonders die feuchte W\u00e4rme dringt besser in die Tiefe ein als die trockene und entfaltet eine intensive Heilwirkung. Heublumens\u00e4cke verwendet man bei Verspannungen, Bandscheibensch\u00e4den und bei allen Formen des Gelenk- und Muskelrheumatismus.<\/p>\n","protected":false},"excerpt":{"rendered":"<p>Heublumensack dient zur intensiven lokalen W\u00e4rmebehandlung. Besonders die feuchte W\u00e4rme dringt besser in die Tiefe ein als die trockene und entfaltet eine intensive Heilwirkung. Heublumens\u00e4cke verwendet man bei Verspannungen, Bandscheibensch\u00e4den und bei allen Formen des Gelenk- und Muskelrheumatismus.<\/p>\n","protected":false},"featured_media":70258,"template":"","meta":{"_acf_changed":false},"product_brand":[],"product_cat":[805],"product_tag":[],"class_list":{"0":"post-70256","1":"product","2":"type-product","3":"status-publish","4":"has-post-thumbnail","6":"product_cat-h","7":"pa_packungsgroesse-500g","9":"first","10":"instock","11":"shipping-taxable","12":"purchasable","13":"product-type-simple"},"acf":[],"_links":{"self":[{"href":"https:\/\/www.ernstbrunn-apotheke.at\/katalog\/wp-json\/wp\/v2\/product\/70256","targetHints":{"allow":["GET"]}}],"collection":[{"href":"https:\/\/www.ernstbrunn-apotheke.at\/katalog\/wp-json\/wp\/v2\/product"}],"about":[{"href":"https:\/\/www.ernstbrunn-apotheke.at\/katalog\/wp-json\/wp\/v2\/types\/product"}],"wp:featuredmedia":[{"embeddable":true,"href":"https:\/\/www.ernstbrunn-apotheke.at\/katalog\/wp-json\/wp\/v2\/media\/70258"}],"wp:attachment":[{"href":"https:\/\/www.ernstbrunn-apotheke.at\/katalog\/wp-json\/wp\/v2\/media?parent=70256"}],"wp:term":[{"taxonomy":"product_brand","embeddable":true,"href":"https:\/\/www.ernstbrunn-apotheke.at\/katalog\/wp-json\/wp\/v2\/product_brand?post=70256"},{"taxonomy":"product_cat","embeddable":true,"href":"https:\/\/www.ernstbrunn-apotheke.at\/katalog\/wp-json\/wp\/v2\/product_cat?post=70256"},{"taxonomy":"product_tag","embeddable":true,"href":"https:\/\/www.ernstbrunn-apotheke.at\/katalog\/wp-json\/wp\/v2\/product_tag?post=70256"}],"curies":[{"name":"wp","href":"https:\/\/api.w.org\/{rel}","templated":true}]}}