{"id":70157,"date":"2025-11-11T19:00:01","date_gmt":"2025-11-11T18:00:01","guid":{"rendered":"https:\/\/www.ernstbrunn-apotheke.at\/katalog\/produkt\/sebamed-urea-5-handcreme-op-seb-75-ml\/"},"modified":"2025-12-08T18:11:26","modified_gmt":"2025-12-08T17:11:26","slug":"sebamed-urea-5-handcreme-op-seb-75-ml","status":"publish","type":"product","link":"https:\/\/www.ernstbrunn-apotheke.at\/katalog\/produkt\/sebamed-urea-5-handcreme-op-seb-75-ml\/","title":{"rendered":"SEBAMED UREA 5% HANDCREME OP  SEB 75 ML"},"content":{"rendered":"<p>Die ausgesuchten Inhaltsstoffe von sebamed TROCKENE HAUT HANDCREME UREA AKUT 5% lindern sp\u00fcrbar Spannungsgef\u00fchl, Rauheit und Rissigkeit bei sehr trockener Haut und helfen, die nat\u00fcrliche Feuchtigkeitsbalance der Haut wieder herzustellen.<\/p>\n","protected":false},"excerpt":{"rendered":"<p>Die ausgesuchten Inhaltsstoffe von sebamed TROCKENE HAUT HANDCREME UREA AKUT 5% lindern sp\u00fcrbar Spannungsgef\u00fchl, Rauheit und Rissigkeit bei sehr trockener Haut und helfen, die nat\u00fcrliche Feuchtigkeitsbalance der Haut wieder herzustellen.<\/p>\n","protected":false},"featured_media":70159,"template":"","meta":{"_acf_changed":false},"product_brand":[737],"product_cat":[791],"product_tag":[],"class_list":{"0":"post-70157","1":"product","2":"type-product","3":"status-publish","4":"has-post-thumbnail","6":"product_brand-sebamed","7":"product_cat-s","8":"pa_packungsgroesse-75ml","10":"first","11":"instock","12":"shipping-taxable","13":"purchasable","14":"product-type-simple"},"acf":[],"_links":{"self":[{"href":"https:\/\/www.ernstbrunn-apotheke.at\/katalog\/wp-json\/wp\/v2\/product\/70157","targetHints":{"allow":["GET"]}}],"collection":[{"href":"https:\/\/www.ernstbrunn-apotheke.at\/katalog\/wp-json\/wp\/v2\/product"}],"about":[{"href":"https:\/\/www.ernstbrunn-apotheke.at\/katalog\/wp-json\/wp\/v2\/types\/product"}],"wp:featuredmedia":[{"embeddable":true,"href":"https:\/\/www.ernstbrunn-apotheke.at\/katalog\/wp-json\/wp\/v2\/media\/70159"}],"wp:attachment":[{"href":"https:\/\/www.ernstbrunn-apotheke.at\/katalog\/wp-json\/wp\/v2\/media?parent=70157"}],"wp:term":[{"taxonomy":"product_brand","embeddable":true,"href":"https:\/\/www.ernstbrunn-apotheke.at\/katalog\/wp-json\/wp\/v2\/product_brand?post=70157"},{"taxonomy":"product_cat","embeddable":true,"href":"https:\/\/www.ernstbrunn-apotheke.at\/katalog\/wp-json\/wp\/v2\/product_cat?post=70157"},{"taxonomy":"product_tag","embeddable":true,"href":"https:\/\/www.ernstbrunn-apotheke.at\/katalog\/wp-json\/wp\/v2\/product_tag?post=70157"}],"curies":[{"name":"wp","href":"https:\/\/api.w.org\/{rel}","templated":true}]}}