{"id":70154,"date":"2025-11-11T19:00:01","date_gmt":"2025-11-11T18:00:01","guid":{"rendered":"https:\/\/www.ernstbrunn-apotheke.at\/katalog\/produkt\/universal-insektenschutz-insecticide-2000-nachfuellung-3\/"},"modified":"2025-12-08T18:11:25","modified_gmt":"2025-12-08T17:11:25","slug":"universal-insektenschutz-insecticide-2000-nachfuellung-3","status":"publish","type":"product","link":"https:\/\/www.ernstbrunn-apotheke.at\/katalog\/produkt\/universal-insektenschutz-insecticide-2000-nachfuellung-3\/","title":{"rendered":"Universal-Insektenschutz Insecticide 2000 Nachf\u00fcllung"},"content":{"rendered":"<p><span style=\"margin: 0px; line-height: 107%;&quot;Calibri&quot;,sans-serif; font-size: 11pt;\"><font color=\"#000000\"><\/p>\n<p style=\"margin: 0px 0px 11px;\"><font face=\"arial,helvetica,sans-serif\">Insecticide 2000 wirkt in Wohnr\u00e4umen und im Au\u00dfenbereich sofortund anhaltend gegen s\u00e4mtliche Ungeziefer, wie Fliegen, Gelsen, Wespen, Ameisen,Zecken, alle Arten von L\u00e4usen, Fl\u00f6he, Milben, Motten, Spinnen, Wanzen,K\u00fcchenschaben, Kellerasseln, Silberfischchen, uvm. Sch\u00fctzen Sie sich im Hausund Garten, in der Freizeit und im Beruf mit Insecticide 2000. Insecticide 2000f\u00e4llt in keine Giftklasse, ist sparsam im Verbrauch, geruchlos und hinterl\u00e4sstkeine Flecken. Sch\u00fctzen Sie auch Ihr Haustier vor L\u00e4usen, Fl\u00f6he und Zecken. DasFell der Tiere mit einem in Insecticide 2000 getr\u00e4nkten Schwamm einreiben unddas Mittel so nah wie m\u00f6glich auf die Haut bringen. Bespr\u00fchen Sie auch dieSchlafpl\u00e4tze und Stallungen der Tiere.<\/font><\/p>\n<p><span style=\"margin: 0px; line-height: 107%; font-family: &quot;Calibri&quot;,sans-serif; font-size: 11pt;\"><\/p>\n<p style=\"margin: 0px 0px 11px;\"><b style=\"mso-bidi-font-weight:normal\"><font size=\"3\" face=\"arial,helvetica,sans-serif\">Sonderfall Katze:<\/font><\/b><font size=\"3\" face=\"arial,helvetica,sans-serif\">mit leicht befeuchtetem Tuch nur an der\/den befallenen Stelle(n) gegen denHaarstrich auftragen und anschlie\u00dfend trocken reiben.<\/font><font face=\"arial,helvetica,sans-serif\"> <\/font><\/p>\n<p style=\"margin: 0px 0px 11px;\"><b style=\"mso-bidi-font-weight:normal\"><font size=\"3\" face=\"arial,helvetica,sans-serif\">Wichtig:<\/font><\/b><font size=\"3\" face=\"arial,helvetica,sans-serif\"> damitwird die orale Aufnahme des Wirkstoffes durch den Putzreflex verhindert. BeiJungtieren, \u00e4lteren, geschw\u00e4chten oder kranken Tieren wird die Anwendung nichtempfohlen, da allergische bzw. toxische Reaktionen auftreten k\u00f6nnten.<\/font><\/p>\n<p style=\"margin: 0px 0px 11px;\"><b style=\"mso-bidi-font-weight:normal\"><font face=\"arial,helvetica,sans-serif\">BevorzugterEinsatzbereich:<\/font><\/b><\/p>\n<p style=\"margin: 0px 0px 11px;\"><font face=\"arial,helvetica,sans-serif\">\u2022 Haus und Garten <\/font><\/p>\n<p style=\"margin: 0px 0px 11px;\"><font face=\"arial,helvetica,sans-serif\">\u2022 Gastronomie und Hotellerie, Gro\u00dfk\u00fcchen <\/font><\/p>\n<p style=\"margin: 0px 0px 11px;\"><font face=\"arial,helvetica,sans-serif\">\u2022 Gewerbebetriebe wie B\u00e4cker, Fleischer und alleLebensmittelverarbeitendeBetriebe, Lebensmittelvorratsr\u00e4ume, Lagerhallen, usw.<\/font><\/p>\n<p style=\"margin: 0px 0px 11px;\"><font face=\"arial,helvetica,sans-serif\">\u2022 Freizeit, Camping und Outdoor <\/font><\/p>\n<p style=\"margin: 0px 0px 11px;\"><font face=\"arial,helvetica,sans-serif\">\u2022 Jagd und Forst <\/font><\/p>\n<p style=\"margin: 0px 0px 11px;\"><font face=\"arial,helvetica,sans-serif\">\u2022 Feuerwehren <\/font><\/p>\n<p style=\"margin: 0px 0px 11px;\"><font face=\"arial,helvetica,sans-serif\">\u2022 Haustiere <\/font><\/p>\n<p style=\"margin: 0px 0px 11px;\"><font face=\"arial,helvetica,sans-serif\">\u2022 Gefl\u00fcgelzucht <\/font><\/p>\n<p><span style=\"margin: 0px; line-height: 107%; font-family: &quot;Calibri&quot;,sans-serif; font-size: 11pt;\"><font face=\"arial,helvetica,sans-serif\">\u2022 Pferdehaltung<\/font><\/span><\/span><\/font><\/span><\/p>\n","protected":false},"excerpt":{"rendered":"<p>Insecticide 2000 wirkt in Wohnr\u00e4umen und im Au\u00dfenbereich sofortund anhaltend gegen s\u00e4mtliche Ungeziefer, wie Fliegen, Gelsen, Wespen, Ameisen,Zecken, alle Arten von L\u00e4usen, Fl\u00f6he, Milben, Motten, Spinnen, Wanzen,K\u00fcchenschaben, Kellerasseln, Silberfischchen, uvm. Sch\u00fctzen Sie sich im Hausund Garten, in der Freizeit und im Beruf mit Insecticide 2000. Insecticide 2000f\u00e4llt in keine Giftklasse, ist sparsam im Verbrauch, geruchlos [&hellip;]<\/p>\n","protected":false},"featured_media":70156,"template":"","meta":{"_acf_changed":false},"product_brand":[],"product_cat":[848],"product_tag":[],"class_list":{"0":"post-70154","1":"product","2":"type-product","3":"status-publish","4":"has-post-thumbnail","6":"product_cat-u","7":"pa_farbe-neutral","8":"pa_geschmack-nachfuellung","9":"pa_packungsgroesse-5l","11":"first","12":"instock","13":"shipping-taxable","14":"purchasable","15":"product-type-simple"},"acf":[],"_links":{"self":[{"href":"https:\/\/www.ernstbrunn-apotheke.at\/katalog\/wp-json\/wp\/v2\/product\/70154","targetHints":{"allow":["GET"]}}],"collection":[{"href":"https:\/\/www.ernstbrunn-apotheke.at\/katalog\/wp-json\/wp\/v2\/product"}],"about":[{"href":"https:\/\/www.ernstbrunn-apotheke.at\/katalog\/wp-json\/wp\/v2\/types\/product"}],"wp:featuredmedia":[{"embeddable":true,"href":"https:\/\/www.ernstbrunn-apotheke.at\/katalog\/wp-json\/wp\/v2\/media\/70156"}],"wp:attachment":[{"href":"https:\/\/www.ernstbrunn-apotheke.at\/katalog\/wp-json\/wp\/v2\/media?parent=70154"}],"wp:term":[{"taxonomy":"product_brand","embeddable":true,"href":"https:\/\/www.ernstbrunn-apotheke.at\/katalog\/wp-json\/wp\/v2\/product_brand?post=70154"},{"taxonomy":"product_cat","embeddable":true,"href":"https:\/\/www.ernstbrunn-apotheke.at\/katalog\/wp-json\/wp\/v2\/product_cat?post=70154"},{"taxonomy":"product_tag","embeddable":true,"href":"https:\/\/www.ernstbrunn-apotheke.at\/katalog\/wp-json\/wp\/v2\/product_tag?post=70154"}],"curies":[{"name":"wp","href":"https:\/\/api.w.org\/{rel}","templated":true}]}}