{"id":70102,"date":"2025-11-11T18:59:05","date_gmt":"2025-11-11T17:59:05","guid":{"rendered":"https:\/\/www.ernstbrunn-apotheke.at\/katalog\/produkt\/nicapur-nutricoach-schoene-haut-30-stk\/"},"modified":"2025-12-08T18:11:09","modified_gmt":"2025-12-08T17:11:09","slug":"nicapur-nutricoach-schoene-haut-30-stk","status":"publish","type":"product","link":"https:\/\/www.ernstbrunn-apotheke.at\/katalog\/produkt\/nicapur-nutricoach-schoene-haut-30-stk\/","title":{"rendered":"Nicapur NutriCoach Sch\u00f6ne Haut 30 Stk."},"content":{"rendered":"<p>Nicapur NutriCoach Sch\u00f6ne Haut ist ein  Nahrungserg\u00e4nzungsmittel f\u00fcr ein sch\u00f6nes Hautbild. Das Produkt enth\u00e4lt eine Vielfalt an wichtigen Vitaminen und Spurenelementen, die speziell auf die Bed\u00fcrfnisse der Haut ausgerichtet sind. Vitamin B reguliert die Hormont\u00e4tigkeit, welche f\u00fcr eine unreine Haut mitverandwortlich sein kann, Zink unterst\u00fctzt die Zellteilung und die Funktionen der Haut, Beta<\/p>\n","protected":false},"excerpt":{"rendered":"<p>Nicapur NutriCoach Sch\u00f6ne Haut ist ein Nahrungserg\u00e4nzungsmittel f\u00fcr ein sch\u00f6nes Hautbild. Das Produkt enth\u00e4lt eine Vielfalt an wichtigen Vitaminen und Spurenelementen, die speziell auf die Bed\u00fcrfnisse der Haut ausgerichtet sind. Vitamin B reguliert die Hormont\u00e4tigkeit, welche f\u00fcr eine unreine Haut mitverandwortlich sein kann, Zink unterst\u00fctzt die Zellteilung und die Funktionen der Haut, Beta<\/p>\n","protected":false},"featured_media":70104,"template":"","meta":{"_acf_changed":false},"product_brand":[352],"product_cat":[797],"product_tag":[],"class_list":{"0":"post-70102","1":"product","2":"type-product","3":"status-publish","4":"has-post-thumbnail","6":"product_brand-nicapur","7":"product_cat-n","8":"pa_packungsgroesse-30-stueck","10":"first","11":"instock","12":"shipping-taxable","13":"purchasable","14":"product-type-simple"},"acf":[],"_links":{"self":[{"href":"https:\/\/www.ernstbrunn-apotheke.at\/katalog\/wp-json\/wp\/v2\/product\/70102","targetHints":{"allow":["GET"]}}],"collection":[{"href":"https:\/\/www.ernstbrunn-apotheke.at\/katalog\/wp-json\/wp\/v2\/product"}],"about":[{"href":"https:\/\/www.ernstbrunn-apotheke.at\/katalog\/wp-json\/wp\/v2\/types\/product"}],"wp:featuredmedia":[{"embeddable":true,"href":"https:\/\/www.ernstbrunn-apotheke.at\/katalog\/wp-json\/wp\/v2\/media\/70104"}],"wp:attachment":[{"href":"https:\/\/www.ernstbrunn-apotheke.at\/katalog\/wp-json\/wp\/v2\/media?parent=70102"}],"wp:term":[{"taxonomy":"product_brand","embeddable":true,"href":"https:\/\/www.ernstbrunn-apotheke.at\/katalog\/wp-json\/wp\/v2\/product_brand?post=70102"},{"taxonomy":"product_cat","embeddable":true,"href":"https:\/\/www.ernstbrunn-apotheke.at\/katalog\/wp-json\/wp\/v2\/product_cat?post=70102"},{"taxonomy":"product_tag","embeddable":true,"href":"https:\/\/www.ernstbrunn-apotheke.at\/katalog\/wp-json\/wp\/v2\/product_tag?post=70102"}],"curies":[{"name":"wp","href":"https:\/\/api.w.org\/{rel}","templated":true}]}}