{"id":70080,"date":"2025-11-11T18:57:46","date_gmt":"2025-11-11T17:57:46","guid":{"rendered":"https:\/\/www.ernstbrunn-apotheke.at\/katalog\/produkt\/prodry-vaginaltampon-10-stk\/"},"modified":"2025-12-08T18:10:58","modified_gmt":"2025-12-08T17:10:58","slug":"prodry-vaginaltampon-10-stk","status":"publish","type":"product","link":"https:\/\/www.ernstbrunn-apotheke.at\/katalog\/produkt\/prodry-vaginaltampon-10-stk\/","title":{"rendered":"Prodry Vaginaltampon 10 Stk."},"content":{"rendered":"<p>Der ProDry Aktivschutz \u00e4hnelt in Aussehen und Handhabung einem Tampon, hat aber keine aufsaugende Funktion. ProDry \u00fcbt durch seine elastischen Eigenschaften Druck auf die vordere Scheidenwand aus. So wird der Blasenhals gest\u00fctzt und die nat\u00fcrliche Verschlussfunktion der Harnr\u00f6hre kann wiederhergestellt werden. Ein kleiner Aktivschutz gen\u00fcgt, um wieder unbeschwert lachen zu k\u00f6nnen, Sport zu treiben und engagiert am Leben teilzunehmen.<\/p>\n","protected":false},"excerpt":{"rendered":"<p>Der ProDry Aktivschutz \u00e4hnelt in Aussehen und Handhabung einem Tampon, hat aber keine aufsaugende Funktion. ProDry \u00fcbt durch seine elastischen Eigenschaften Druck auf die vordere Scheidenwand aus. So wird der Blasenhals gest\u00fctzt und die nat\u00fcrliche Verschlussfunktion der Harnr\u00f6hre kann wiederhergestellt werden. Ein kleiner Aktivschutz gen\u00fcgt, um wieder unbeschwert lachen zu k\u00f6nnen, Sport zu treiben und [&hellip;]<\/p>\n","protected":false},"featured_media":70082,"template":"","meta":{"_acf_changed":false},"product_brand":[],"product_cat":[793],"product_tag":[],"class_list":{"0":"post-70080","1":"product","2":"type-product","3":"status-publish","4":"has-post-thumbnail","6":"product_cat-p","7":"pa_packungsgroesse-10-stueck","9":"first","10":"instock","11":"shipping-taxable","12":"purchasable","13":"product-type-simple"},"acf":[],"_links":{"self":[{"href":"https:\/\/www.ernstbrunn-apotheke.at\/katalog\/wp-json\/wp\/v2\/product\/70080","targetHints":{"allow":["GET"]}}],"collection":[{"href":"https:\/\/www.ernstbrunn-apotheke.at\/katalog\/wp-json\/wp\/v2\/product"}],"about":[{"href":"https:\/\/www.ernstbrunn-apotheke.at\/katalog\/wp-json\/wp\/v2\/types\/product"}],"wp:featuredmedia":[{"embeddable":true,"href":"https:\/\/www.ernstbrunn-apotheke.at\/katalog\/wp-json\/wp\/v2\/media\/70082"}],"wp:attachment":[{"href":"https:\/\/www.ernstbrunn-apotheke.at\/katalog\/wp-json\/wp\/v2\/media?parent=70080"}],"wp:term":[{"taxonomy":"product_brand","embeddable":true,"href":"https:\/\/www.ernstbrunn-apotheke.at\/katalog\/wp-json\/wp\/v2\/product_brand?post=70080"},{"taxonomy":"product_cat","embeddable":true,"href":"https:\/\/www.ernstbrunn-apotheke.at\/katalog\/wp-json\/wp\/v2\/product_cat?post=70080"},{"taxonomy":"product_tag","embeddable":true,"href":"https:\/\/www.ernstbrunn-apotheke.at\/katalog\/wp-json\/wp\/v2\/product_tag?post=70080"}],"curies":[{"name":"wp","href":"https:\/\/api.w.org\/{rel}","templated":true}]}}