{"id":69947,"date":"2025-11-11T18:55:42","date_gmt":"2025-11-11T17:55:42","guid":{"rendered":"https:\/\/www.ernstbrunn-apotheke.at\/katalog\/produkt\/sebamed-trockene-haut-fusscreme-urea-akut-10-100-ml\/"},"modified":"2025-12-08T18:10:23","modified_gmt":"2025-12-08T17:10:23","slug":"sebamed-trockene-haut-fusscreme-urea-akut-10-100-ml","status":"publish","type":"product","link":"https:\/\/www.ernstbrunn-apotheke.at\/katalog\/produkt\/sebamed-trockene-haut-fusscreme-urea-akut-10-100-ml\/","title":{"rendered":"Sebamed Trockene Haut Fu\u00dfcreme Urea Akut 10% 100 ml"},"content":{"rendered":"<p>Harnstoff (Urea) empfiehlt sich als Sofortma\u00dfnahme zur sp\u00fcrbaren Linderung von Juckreiz und Spannungsgef\u00fchlen bei sehr trockener Haut. Hochkonzentrierter Harnstoff in sebamed TROCKENE HAUT Lotion Urea Akut 10% ist ein hautverwandter, nat\u00fcrlicher Feuchthaltefaktor, der \u00fcberm\u00e4\u00dfigen Wasserverlust der Haut verhindert und so nachhaltig hydratisierend wirkt. Zudem unterst\u00fctzt Harnstoff die nat\u00fcrliche Abschuppung der Haut und tr\u00e4gt zur angenehmen Gl\u00e4ttung rauer Haut bei.<\/p>\n","protected":false},"excerpt":{"rendered":"<p>Harnstoff (Urea) empfiehlt sich als Sofortma\u00dfnahme zur sp\u00fcrbaren Linderung von Juckreiz und Spannungsgef\u00fchlen bei sehr trockener Haut. Hochkonzentrierter Harnstoff in sebamed TROCKENE HAUT Lotion Urea Akut 10% ist ein hautverwandter, nat\u00fcrlicher Feuchthaltefaktor, der \u00fcberm\u00e4\u00dfigen Wasserverlust der Haut verhindert und so nachhaltig hydratisierend wirkt. Zudem unterst\u00fctzt Harnstoff die nat\u00fcrliche Abschuppung der Haut und tr\u00e4gt zur angenehmen [&hellip;]<\/p>\n","protected":false},"featured_media":69949,"template":"","meta":{"_acf_changed":false},"product_brand":[737],"product_cat":[791],"product_tag":[],"class_list":{"0":"post-69947","1":"product","2":"type-product","3":"status-publish","4":"has-post-thumbnail","6":"product_brand-sebamed","7":"product_cat-s","8":"pa_packungsgroesse-100ml","10":"first","11":"instock","12":"shipping-taxable","13":"purchasable","14":"product-type-simple"},"acf":[],"_links":{"self":[{"href":"https:\/\/www.ernstbrunn-apotheke.at\/katalog\/wp-json\/wp\/v2\/product\/69947","targetHints":{"allow":["GET"]}}],"collection":[{"href":"https:\/\/www.ernstbrunn-apotheke.at\/katalog\/wp-json\/wp\/v2\/product"}],"about":[{"href":"https:\/\/www.ernstbrunn-apotheke.at\/katalog\/wp-json\/wp\/v2\/types\/product"}],"wp:featuredmedia":[{"embeddable":true,"href":"https:\/\/www.ernstbrunn-apotheke.at\/katalog\/wp-json\/wp\/v2\/media\/69949"}],"wp:attachment":[{"href":"https:\/\/www.ernstbrunn-apotheke.at\/katalog\/wp-json\/wp\/v2\/media?parent=69947"}],"wp:term":[{"taxonomy":"product_brand","embeddable":true,"href":"https:\/\/www.ernstbrunn-apotheke.at\/katalog\/wp-json\/wp\/v2\/product_brand?post=69947"},{"taxonomy":"product_cat","embeddable":true,"href":"https:\/\/www.ernstbrunn-apotheke.at\/katalog\/wp-json\/wp\/v2\/product_cat?post=69947"},{"taxonomy":"product_tag","embeddable":true,"href":"https:\/\/www.ernstbrunn-apotheke.at\/katalog\/wp-json\/wp\/v2\/product_tag?post=69947"}],"curies":[{"name":"wp","href":"https:\/\/api.w.org\/{rel}","templated":true}]}}