{"id":69930,"date":"2025-11-11T18:55:42","date_gmt":"2025-11-11T17:55:42","guid":{"rendered":"https:\/\/www.ernstbrunn-apotheke.at\/katalog\/produkt\/omega-3-loges-vegan-kapseln-120-stk\/"},"modified":"2025-12-08T18:10:17","modified_gmt":"2025-12-08T17:10:17","slug":"omega-3-loges-vegan-kapseln-120-stk","status":"publish","type":"product","link":"https:\/\/www.ernstbrunn-apotheke.at\/katalog\/produkt\/omega-3-loges-vegan-kapseln-120-stk\/","title":{"rendered":"Omega 3-Loges Vegan Kapseln 120 Stk."},"content":{"rendered":"<p>Omega 3-Loges Vegan Kapseln 120 Stk. sind zu 100% vegan und enthalten einzigartiges Mikroalgen\u00f6l mit DHA und EPA. F\u00fcr den Schutz von Herz, Gehirn &#038; Augen.Die nat\u00fcrliche Quelle der Omega-3-Fetts\u00e4uren ist pflanzlichen Ursprungs. Auch Fische k\u00f6nnen die Omega-3-Fetts\u00e4uren nicht selbst bilden, sondern nehmen diese \u00fcber den Verzehr von Algen auf.Viele Pflanzenarten bilden h\u00e4ufig jedoch nur die einfache Omega-3-Fetts\u00e4ure Alpha-Linolens\u00e4ure (ALA), die der K\u00f6rper nur unzureichend in die f\u00fcr ihn direkt verwertbaren Formen EPA und DHA umwandeln kann. Somit l\u00e4sst sich die Omega-3-Versorgung nur bedingt durch klassische \u00d6le aus z. B. Leinsamen, Walnuss oder Raps decken.Spezielle Mikroalgen sind die einzigen Pflanzen, die sowohl EPA als auch DHA bilden k\u00f6nnen. Das macht die Mikroalge Schizochytrium zur idealen Omega-3-Quelle f\u00fcr omega3-Loges\u00ae pflanzlich..<\/p>\n","protected":false},"excerpt":{"rendered":"<p>Omega 3-Loges Vegan Kapseln 120 Stk. sind zu 100% vegan und enthalten einzigartiges Mikroalgen\u00f6l mit DHA und EPA. F\u00fcr den Schutz von Herz, Gehirn &#038; Augen.Die nat\u00fcrliche Quelle der Omega-3-Fetts\u00e4uren ist pflanzlichen Ursprungs. Auch Fische k\u00f6nnen die Omega-3-Fetts\u00e4uren nicht selbst bilden, sondern nehmen diese \u00fcber den Verzehr von Algen auf.Viele Pflanzenarten bilden h\u00e4ufig jedoch nur [&hellip;]<\/p>\n","protected":false},"featured_media":61445,"template":"","meta":{"_acf_changed":false},"product_brand":[508],"product_cat":[819],"product_tag":[],"class_list":{"0":"post-69930","1":"product","2":"type-product","3":"status-publish","4":"has-post-thumbnail","6":"product_brand-dr-loges","7":"product_cat-o","8":"pa_packungsgroesse-120-stueck","10":"first","11":"instock","12":"shipping-taxable","13":"purchasable","14":"product-type-simple"},"acf":[],"_links":{"self":[{"href":"https:\/\/www.ernstbrunn-apotheke.at\/katalog\/wp-json\/wp\/v2\/product\/69930","targetHints":{"allow":["GET"]}}],"collection":[{"href":"https:\/\/www.ernstbrunn-apotheke.at\/katalog\/wp-json\/wp\/v2\/product"}],"about":[{"href":"https:\/\/www.ernstbrunn-apotheke.at\/katalog\/wp-json\/wp\/v2\/types\/product"}],"wp:featuredmedia":[{"embeddable":true,"href":"https:\/\/www.ernstbrunn-apotheke.at\/katalog\/wp-json\/wp\/v2\/media\/61445"}],"wp:attachment":[{"href":"https:\/\/www.ernstbrunn-apotheke.at\/katalog\/wp-json\/wp\/v2\/media?parent=69930"}],"wp:term":[{"taxonomy":"product_brand","embeddable":true,"href":"https:\/\/www.ernstbrunn-apotheke.at\/katalog\/wp-json\/wp\/v2\/product_brand?post=69930"},{"taxonomy":"product_cat","embeddable":true,"href":"https:\/\/www.ernstbrunn-apotheke.at\/katalog\/wp-json\/wp\/v2\/product_cat?post=69930"},{"taxonomy":"product_tag","embeddable":true,"href":"https:\/\/www.ernstbrunn-apotheke.at\/katalog\/wp-json\/wp\/v2\/product_tag?post=69930"}],"curies":[{"name":"wp","href":"https:\/\/api.w.org\/{rel}","templated":true}]}}