{"id":69889,"date":"2025-11-11T18:54:28","date_gmt":"2025-11-11T17:54:28","guid":{"rendered":"https:\/\/www.ernstbrunn-apotheke.at\/katalog\/produkt\/hyaluron-sonnenpflege-apres-lotion-150-ml\/"},"modified":"2025-12-08T18:10:07","modified_gmt":"2025-12-08T17:10:07","slug":"hyaluron-sonnenpflege-apres-lotion-150-ml","status":"publish","type":"product","link":"https:\/\/www.ernstbrunn-apotheke.at\/katalog\/produkt\/hyaluron-sonnenpflege-apres-lotion-150-ml\/","title":{"rendered":"Hyaluron Sonnenpflege Apr\u00e8s-Lotion 150 ml"},"content":{"rendered":"<p>Hyaloron Sonnenpflege Apr\u00e8s-Lotion 150 ml erfrischt und k\u00fchlt die Haut nach dem Sonnenbad. Die Lotion enth\u00e4lt Hyalurons\u00e4ure in pharmazeutisch reiner Qualit\u00e4t. Die Haut wird nach der Sonne intensiv mit Feuchtigkeit versorgt. Ein Repair-Komplex beruhigt sonnenverw\u00f6hnte Haut, lindert R\u00f6tungen und sch\u00fctzt gegen vorzeitige Hautalterung infolge von Hitzestress<\/p>\n","protected":false},"excerpt":{"rendered":"<p>Hyaloron Sonnenpflege Apr\u00e8s-Lotion 150 ml erfrischt und k\u00fchlt die Haut nach dem Sonnenbad. Die Lotion enth\u00e4lt Hyalurons\u00e4ure in pharmazeutisch reiner Qualit\u00e4t. Die Haut wird nach der Sonne intensiv mit Feuchtigkeit versorgt. Ein Repair-Komplex beruhigt sonnenverw\u00f6hnte Haut, lindert R\u00f6tungen und sch\u00fctzt gegen vorzeitige Hautalterung infolge von Hitzestress<\/p>\n","protected":false},"featured_media":69891,"template":"","meta":{"_acf_changed":false},"product_brand":[],"product_cat":[805],"product_tag":[],"class_list":{"0":"post-69889","1":"product","2":"type-product","3":"status-publish","4":"has-post-thumbnail","6":"product_cat-h","7":"pa_packungsgroesse-150ml","9":"first","10":"instock","11":"shipping-taxable","12":"purchasable","13":"product-type-simple"},"acf":[],"_links":{"self":[{"href":"https:\/\/www.ernstbrunn-apotheke.at\/katalog\/wp-json\/wp\/v2\/product\/69889","targetHints":{"allow":["GET"]}}],"collection":[{"href":"https:\/\/www.ernstbrunn-apotheke.at\/katalog\/wp-json\/wp\/v2\/product"}],"about":[{"href":"https:\/\/www.ernstbrunn-apotheke.at\/katalog\/wp-json\/wp\/v2\/types\/product"}],"wp:featuredmedia":[{"embeddable":true,"href":"https:\/\/www.ernstbrunn-apotheke.at\/katalog\/wp-json\/wp\/v2\/media\/69891"}],"wp:attachment":[{"href":"https:\/\/www.ernstbrunn-apotheke.at\/katalog\/wp-json\/wp\/v2\/media?parent=69889"}],"wp:term":[{"taxonomy":"product_brand","embeddable":true,"href":"https:\/\/www.ernstbrunn-apotheke.at\/katalog\/wp-json\/wp\/v2\/product_brand?post=69889"},{"taxonomy":"product_cat","embeddable":true,"href":"https:\/\/www.ernstbrunn-apotheke.at\/katalog\/wp-json\/wp\/v2\/product_cat?post=69889"},{"taxonomy":"product_tag","embeddable":true,"href":"https:\/\/www.ernstbrunn-apotheke.at\/katalog\/wp-json\/wp\/v2\/product_tag?post=69889"}],"curies":[{"name":"wp","href":"https:\/\/api.w.org\/{rel}","templated":true}]}}