{"id":69879,"date":"2025-11-11T18:54:28","date_gmt":"2025-11-11T17:54:28","guid":{"rendered":"https:\/\/www.ernstbrunn-apotheke.at\/katalog\/produkt\/espara-ginseng-gelee-royale-elixier-250-ml\/"},"modified":"2025-12-08T18:10:05","modified_gmt":"2025-12-08T17:10:05","slug":"espara-ginseng-gelee-royale-elixier-250-ml","status":"publish","type":"product","link":"https:\/\/www.ernstbrunn-apotheke.at\/katalog\/produkt\/espara-ginseng-gelee-royale-elixier-250-ml\/","title":{"rendered":"Espara Ginseng-Gel\u00e9e Royale Elixier 250 ml"},"content":{"rendered":"<p>Ginseng-Gel\u00e9e Royale Elixier ist ein Nahrungserg\u00e4nzungsmittel, welches die Kraft der Ginsengwurzel, sowie Gel\u00e9e Royal (Futtersaft der Bienenk\u00f6nigin) enth\u00e4lt.<\/p>\n","protected":false},"excerpt":{"rendered":"<p>Ginseng-Gel\u00e9e Royale Elixier ist ein Nahrungserg\u00e4nzungsmittel, welches die Kraft der Ginsengwurzel, sowie Gel\u00e9e Royal (Futtersaft der Bienenk\u00f6nigin) enth\u00e4lt.<\/p>\n","protected":false},"featured_media":69881,"template":"","meta":{"_acf_changed":false},"product_brand":[383],"product_cat":[794],"product_tag":[],"class_list":{"0":"post-69879","1":"product","2":"type-product","3":"status-publish","4":"has-post-thumbnail","6":"product_brand-espara","7":"product_cat-e","8":"pa_packungsgroesse-250ml","10":"first","11":"instock","12":"shipping-taxable","13":"purchasable","14":"product-type-simple"},"acf":[],"_links":{"self":[{"href":"https:\/\/www.ernstbrunn-apotheke.at\/katalog\/wp-json\/wp\/v2\/product\/69879","targetHints":{"allow":["GET"]}}],"collection":[{"href":"https:\/\/www.ernstbrunn-apotheke.at\/katalog\/wp-json\/wp\/v2\/product"}],"about":[{"href":"https:\/\/www.ernstbrunn-apotheke.at\/katalog\/wp-json\/wp\/v2\/types\/product"}],"wp:featuredmedia":[{"embeddable":true,"href":"https:\/\/www.ernstbrunn-apotheke.at\/katalog\/wp-json\/wp\/v2\/media\/69881"}],"wp:attachment":[{"href":"https:\/\/www.ernstbrunn-apotheke.at\/katalog\/wp-json\/wp\/v2\/media?parent=69879"}],"wp:term":[{"taxonomy":"product_brand","embeddable":true,"href":"https:\/\/www.ernstbrunn-apotheke.at\/katalog\/wp-json\/wp\/v2\/product_brand?post=69879"},{"taxonomy":"product_cat","embeddable":true,"href":"https:\/\/www.ernstbrunn-apotheke.at\/katalog\/wp-json\/wp\/v2\/product_cat?post=69879"},{"taxonomy":"product_tag","embeddable":true,"href":"https:\/\/www.ernstbrunn-apotheke.at\/katalog\/wp-json\/wp\/v2\/product_tag?post=69879"}],"curies":[{"name":"wp","href":"https:\/\/api.w.org\/{rel}","templated":true}]}}