{"id":69862,"date":"2025-11-11T18:54:28","date_gmt":"2025-11-11T17:54:28","guid":{"rendered":"https:\/\/www.ernstbrunn-apotheke.at\/katalog\/produkt\/tetesept-omega-3-1000-kapseln-80-stk\/"},"modified":"2025-12-08T18:09:59","modified_gmt":"2025-12-08T17:09:59","slug":"tetesept-omega-3-1000-kapseln-80-stk","status":"publish","type":"product","link":"https:\/\/www.ernstbrunn-apotheke.at\/katalog\/produkt\/tetesept-omega-3-1000-kapseln-80-stk\/","title":{"rendered":"Tetesept Omega-3 1000 Kapseln 80 Stk."},"content":{"rendered":"<p>Tetesept Omega-3 1000 Kapseln dienen einer herzgesunden Ern\u00e4hrung. Das enthaltene Vitamin E unterst\u00fctzt den Abbau freier Radikale und hilft dadurch Gef\u00e4\u00dfe und Zellen gesund zu erhalten.<\/p>\n","protected":false},"excerpt":{"rendered":"<p>Tetesept Omega-3 1000 Kapseln dienen einer herzgesunden Ern\u00e4hrung. Das enthaltene Vitamin E unterst\u00fctzt den Abbau freier Radikale und hilft dadurch Gef\u00e4\u00dfe und Zellen gesund zu erhalten.<\/p>\n","protected":false},"featured_media":69864,"template":"","meta":{"_acf_changed":false},"product_brand":[487],"product_cat":[798],"product_tag":[],"class_list":{"0":"post-69862","1":"product","2":"type-product","3":"status-publish","4":"has-post-thumbnail","6":"product_brand-tetesept","7":"product_cat-t","8":"pa_packungsgroesse-80-stueck","10":"first","11":"instock","12":"shipping-taxable","13":"purchasable","14":"product-type-simple"},"acf":[],"_links":{"self":[{"href":"https:\/\/www.ernstbrunn-apotheke.at\/katalog\/wp-json\/wp\/v2\/product\/69862","targetHints":{"allow":["GET"]}}],"collection":[{"href":"https:\/\/www.ernstbrunn-apotheke.at\/katalog\/wp-json\/wp\/v2\/product"}],"about":[{"href":"https:\/\/www.ernstbrunn-apotheke.at\/katalog\/wp-json\/wp\/v2\/types\/product"}],"wp:featuredmedia":[{"embeddable":true,"href":"https:\/\/www.ernstbrunn-apotheke.at\/katalog\/wp-json\/wp\/v2\/media\/69864"}],"wp:attachment":[{"href":"https:\/\/www.ernstbrunn-apotheke.at\/katalog\/wp-json\/wp\/v2\/media?parent=69862"}],"wp:term":[{"taxonomy":"product_brand","embeddable":true,"href":"https:\/\/www.ernstbrunn-apotheke.at\/katalog\/wp-json\/wp\/v2\/product_brand?post=69862"},{"taxonomy":"product_cat","embeddable":true,"href":"https:\/\/www.ernstbrunn-apotheke.at\/katalog\/wp-json\/wp\/v2\/product_cat?post=69862"},{"taxonomy":"product_tag","embeddable":true,"href":"https:\/\/www.ernstbrunn-apotheke.at\/katalog\/wp-json\/wp\/v2\/product_tag?post=69862"}],"curies":[{"name":"wp","href":"https:\/\/api.w.org\/{rel}","templated":true}]}}