{"id":69828,"date":"2025-11-11T18:53:30","date_gmt":"2025-11-11T17:53:30","guid":{"rendered":"https:\/\/www.ernstbrunn-apotheke.at\/katalog\/produkt\/sebamed-lotion-400-ml\/"},"modified":"2025-12-08T18:09:48","modified_gmt":"2025-12-08T17:09:48","slug":"sebamed-lotion-400-ml","status":"publish","type":"product","link":"https:\/\/www.ernstbrunn-apotheke.at\/katalog\/produkt\/sebamed-lotion-400-ml\/","title":{"rendered":"Sebamed Lotion 400 ml"},"content":{"rendered":"<p>F\u00fcr empfindliche Haut, f\u00f6rdert die nat\u00fcrliche Feuchtigkeit der Haut, pflegt mit Kamillenextrakt und Allantoin.Die leichte, feuchtigkeitsspendende \u00d6l-in-Wasser Emulsion ist ideal f\u00fcr das t\u00e4gliche Eincremen und speziell auf die Bed\u00fcrfnisse der empfindlichen Haut abgestimmt. Sie f\u00f6rdert die nat\u00fcrliche Feuchtigkeit der Haut, macht sie glatter und geschmeidiger, verleiht der Haut mehr Spannkraft und pflegt mit Kamillenextrakt und Allantoin. Der nat\u00fcrliche pH-Wert 5,5 stabilisiert den Hautschutzmantel. Damit wird die Widerstandskraft der Haut gegen sch\u00e4dliche \u00e4u\u00dfere Einfl\u00fcsse gest\u00e4rkt. Frei von Parabenen..<\/p>\n","protected":false},"excerpt":{"rendered":"<p>F\u00fcr empfindliche Haut, f\u00f6rdert die nat\u00fcrliche Feuchtigkeit der Haut, pflegt mit Kamillenextrakt und Allantoin.Die leichte, feuchtigkeitsspendende \u00d6l-in-Wasser Emulsion ist ideal f\u00fcr das t\u00e4gliche Eincremen und speziell auf die Bed\u00fcrfnisse der empfindlichen Haut abgestimmt. Sie f\u00f6rdert die nat\u00fcrliche Feuchtigkeit der Haut, macht sie glatter und geschmeidiger, verleiht der Haut mehr Spannkraft und pflegt mit Kamillenextrakt und [&hellip;]<\/p>\n","protected":false},"featured_media":69830,"template":"","meta":{"_acf_changed":false},"product_brand":[737],"product_cat":[791],"product_tag":[],"class_list":{"0":"post-69828","1":"product","2":"type-product","3":"status-publish","4":"has-post-thumbnail","6":"product_brand-sebamed","7":"product_cat-s","8":"pa_packungsgroesse-400ml","10":"first","11":"instock","12":"shipping-taxable","13":"purchasable","14":"product-type-simple"},"acf":[],"_links":{"self":[{"href":"https:\/\/www.ernstbrunn-apotheke.at\/katalog\/wp-json\/wp\/v2\/product\/69828","targetHints":{"allow":["GET"]}}],"collection":[{"href":"https:\/\/www.ernstbrunn-apotheke.at\/katalog\/wp-json\/wp\/v2\/product"}],"about":[{"href":"https:\/\/www.ernstbrunn-apotheke.at\/katalog\/wp-json\/wp\/v2\/types\/product"}],"wp:featuredmedia":[{"embeddable":true,"href":"https:\/\/www.ernstbrunn-apotheke.at\/katalog\/wp-json\/wp\/v2\/media\/69830"}],"wp:attachment":[{"href":"https:\/\/www.ernstbrunn-apotheke.at\/katalog\/wp-json\/wp\/v2\/media?parent=69828"}],"wp:term":[{"taxonomy":"product_brand","embeddable":true,"href":"https:\/\/www.ernstbrunn-apotheke.at\/katalog\/wp-json\/wp\/v2\/product_brand?post=69828"},{"taxonomy":"product_cat","embeddable":true,"href":"https:\/\/www.ernstbrunn-apotheke.at\/katalog\/wp-json\/wp\/v2\/product_cat?post=69828"},{"taxonomy":"product_tag","embeddable":true,"href":"https:\/\/www.ernstbrunn-apotheke.at\/katalog\/wp-json\/wp\/v2\/product_tag?post=69828"}],"curies":[{"name":"wp","href":"https:\/\/api.w.org\/{rel}","templated":true}]}}