{"id":69780,"date":"2025-11-11T18:52:51","date_gmt":"2025-11-11T17:52:51","guid":{"rendered":"https:\/\/www.ernstbrunn-apotheke.at\/katalog\/produkt\/dr-jacobs-dha-epa-algenoel-kapseln-60-stk\/"},"modified":"2025-12-08T18:09:34","modified_gmt":"2025-12-08T17:09:34","slug":"dr-jacobs-dha-epa-algenoel-kapseln-60-stk","status":"publish","type":"product","link":"https:\/\/www.ernstbrunn-apotheke.at\/katalog\/produkt\/dr-jacobs-dha-epa-algenoel-kapseln-60-stk\/","title":{"rendered":"Dr. Jacobs DHA-EPA Algen\u00f6l Kapseln 60 Stk."},"content":{"rendered":"<p>Dr. Jacobs DHA-EPA Algen\u00f6l Kapseln enthalten vegane Omega 3 Fetts\u00e4uren aus der Mikroalge mit DHA-EPA. Algen liefern wichtige Omega-3-Fetts\u00e4uren und sind hierf\u00fcr die gesunde, pflanzliche Alternative zu Fisch. In Dr. Jacob&#038;lsquo s DHA-EPA-Algen\u00f6l sind pro Kapsel (1 Portion) 250 mg DHA und EPA im Verh\u00e4ltnis von 2:1 enthalten.DHA tr\u00e4gt zur Erhaltung der normalen Sehkraft und der normalen Gehirnfunktion bei (bei einer t\u00e4glichen Aufnahme von 250 mg DHA). DHA und EPA tragen bei einer t\u00e4glichen Aufnahme von insgesamt 250 mg zur normalen Herzfunktion bei. DieDHA-EPA Algen\u00f6l Kapselnsind einer von \u00fcber 30.000 Artikeln, die Sie in unserer Versandapotheke dauerhaft mit hohem Rabatt bestellen k\u00f6nnen.<\/p>\n","protected":false},"excerpt":{"rendered":"<p>Dr. Jacobs DHA-EPA Algen\u00f6l Kapseln enthalten vegane Omega 3 Fetts\u00e4uren aus der Mikroalge mit DHA-EPA. Algen liefern wichtige Omega-3-Fetts\u00e4uren und sind hierf\u00fcr die gesunde, pflanzliche Alternative zu Fisch. In Dr. Jacob&#038;lsquo s DHA-EPA-Algen\u00f6l sind pro Kapsel (1 Portion) 250 mg DHA und EPA im Verh\u00e4ltnis von 2:1 enthalten.DHA tr\u00e4gt zur Erhaltung der normalen Sehkraft und [&hellip;]<\/p>\n","protected":false},"featured_media":69782,"template":"","meta":{"_acf_changed":false},"product_brand":[433],"product_cat":[792],"product_tag":[],"class_list":{"0":"post-69780","1":"product","2":"type-product","3":"status-publish","4":"has-post-thumbnail","6":"product_brand-dr-jacobs","7":"product_cat-d","8":"pa_packungsgroesse-60-stueck","10":"first","11":"instock","12":"shipping-taxable","13":"purchasable","14":"product-type-simple"},"acf":[],"_links":{"self":[{"href":"https:\/\/www.ernstbrunn-apotheke.at\/katalog\/wp-json\/wp\/v2\/product\/69780","targetHints":{"allow":["GET"]}}],"collection":[{"href":"https:\/\/www.ernstbrunn-apotheke.at\/katalog\/wp-json\/wp\/v2\/product"}],"about":[{"href":"https:\/\/www.ernstbrunn-apotheke.at\/katalog\/wp-json\/wp\/v2\/types\/product"}],"wp:featuredmedia":[{"embeddable":true,"href":"https:\/\/www.ernstbrunn-apotheke.at\/katalog\/wp-json\/wp\/v2\/media\/69782"}],"wp:attachment":[{"href":"https:\/\/www.ernstbrunn-apotheke.at\/katalog\/wp-json\/wp\/v2\/media?parent=69780"}],"wp:term":[{"taxonomy":"product_brand","embeddable":true,"href":"https:\/\/www.ernstbrunn-apotheke.at\/katalog\/wp-json\/wp\/v2\/product_brand?post=69780"},{"taxonomy":"product_cat","embeddable":true,"href":"https:\/\/www.ernstbrunn-apotheke.at\/katalog\/wp-json\/wp\/v2\/product_cat?post=69780"},{"taxonomy":"product_tag","embeddable":true,"href":"https:\/\/www.ernstbrunn-apotheke.at\/katalog\/wp-json\/wp\/v2\/product_tag?post=69780"}],"curies":[{"name":"wp","href":"https:\/\/api.w.org\/{rel}","templated":true}]}}