{"id":69775,"date":"2025-11-11T18:52:51","date_gmt":"2025-11-11T17:52:51","guid":{"rendered":"https:\/\/www.ernstbrunn-apotheke.at\/katalog\/produkt\/apofit-aetherisches-oel-ingwer-10-ml\/"},"modified":"2025-12-08T18:09:31","modified_gmt":"2025-12-08T17:09:31","slug":"apofit-aetherisches-oel-ingwer-10-ml","status":"publish","type":"product","link":"https:\/\/www.ernstbrunn-apotheke.at\/katalog\/produkt\/apofit-aetherisches-oel-ingwer-10-ml\/","title":{"rendered":"Apofit \u00c4therisches \u00d6l Ingwer 10 ml"},"content":{"rendered":"<p>Apofit \u00c4therisches \u00d6l Ingwer hilft bei Bl\u00e4hungen, Verdauungsbeschwerden und Appetitlosigkeit. Es wird auch gerne zum Kochen und Backen verwendet. Durch seine w\u00e4rmende Wirkung auch ideal f\u00fcr die Duftlampe an Winterabenden. Nicht zur Einnahme bestimmt!.<\/p>\n","protected":false},"excerpt":{"rendered":"<p>Apofit \u00c4therisches \u00d6l Ingwer hilft bei Bl\u00e4hungen, Verdauungsbeschwerden und Appetitlosigkeit. Es wird auch gerne zum Kochen und Backen verwendet. Durch seine w\u00e4rmende Wirkung auch ideal f\u00fcr die Duftlampe an Winterabenden. Nicht zur Einnahme bestimmt!.<\/p>\n","protected":false},"featured_media":69777,"template":"","meta":{"_acf_changed":false},"product_brand":[584],"product_cat":[801],"product_tag":[],"class_list":{"0":"post-69775","1":"product","2":"type-product","3":"status-publish","4":"has-post-thumbnail","6":"product_brand-apofit","7":"product_cat-a","8":"pa_packungsgroesse-10ml","10":"first","11":"instock","12":"shipping-taxable","13":"purchasable","14":"product-type-simple"},"acf":[],"_links":{"self":[{"href":"https:\/\/www.ernstbrunn-apotheke.at\/katalog\/wp-json\/wp\/v2\/product\/69775","targetHints":{"allow":["GET"]}}],"collection":[{"href":"https:\/\/www.ernstbrunn-apotheke.at\/katalog\/wp-json\/wp\/v2\/product"}],"about":[{"href":"https:\/\/www.ernstbrunn-apotheke.at\/katalog\/wp-json\/wp\/v2\/types\/product"}],"wp:featuredmedia":[{"embeddable":true,"href":"https:\/\/www.ernstbrunn-apotheke.at\/katalog\/wp-json\/wp\/v2\/media\/69777"}],"wp:attachment":[{"href":"https:\/\/www.ernstbrunn-apotheke.at\/katalog\/wp-json\/wp\/v2\/media?parent=69775"}],"wp:term":[{"taxonomy":"product_brand","embeddable":true,"href":"https:\/\/www.ernstbrunn-apotheke.at\/katalog\/wp-json\/wp\/v2\/product_brand?post=69775"},{"taxonomy":"product_cat","embeddable":true,"href":"https:\/\/www.ernstbrunn-apotheke.at\/katalog\/wp-json\/wp\/v2\/product_cat?post=69775"},{"taxonomy":"product_tag","embeddable":true,"href":"https:\/\/www.ernstbrunn-apotheke.at\/katalog\/wp-json\/wp\/v2\/product_tag?post=69775"}],"curies":[{"name":"wp","href":"https:\/\/api.w.org\/{rel}","templated":true}]}}