{"id":69760,"date":"2025-11-11T18:52:16","date_gmt":"2025-11-11T17:52:16","guid":{"rendered":"https:\/\/www.ernstbrunn-apotheke.at\/katalog\/produkt\/almased-vitalkost-pulver-3\/"},"modified":"2025-12-08T18:09:24","modified_gmt":"2025-12-08T17:09:24","slug":"almased-vitalkost-pulver-3","status":"publish","type":"product","link":"https:\/\/www.ernstbrunn-apotheke.at\/katalog\/produkt\/almased-vitalkost-pulver-3\/","title":{"rendered":"Almased Vitalkost Pulver"},"content":{"rendered":"<p>Almased Vitalkost Pulver besteht aus wertvollen Rohstoffen. Das aufwendige Herstellungsverfahren schont die empfindlichen Wirkstoffe, so dass sie sp\u00e4ter ihre Kraft voll entfalten k\u00f6nnen. Almased aktiviert die Fettverbrennnung, optimiert jede Di\u00e4t und steigert Fitness und Wohlbefinden.<\/p>\n","protected":false},"excerpt":{"rendered":"<p>Almased Vitalkost Pulver besteht aus wertvollen Rohstoffen. Das aufwendige Herstellungsverfahren schont die empfindlichen Wirkstoffe, so dass sie sp\u00e4ter ihre Kraft voll entfalten k\u00f6nnen. Almased aktiviert die Fettverbrennnung, optimiert jede Di\u00e4t und steigert Fitness und Wohlbefinden.<\/p>\n","protected":false},"featured_media":69762,"template":"","meta":{"_acf_changed":false},"product_brand":[620],"product_cat":[801],"product_tag":[],"class_list":{"0":"post-69760","1":"product","2":"type-product","3":"status-publish","4":"has-post-thumbnail","6":"product_brand-almased","7":"product_cat-a","8":"pa_packungsgroesse-10-beutel","10":"first","11":"instock","12":"shipping-taxable","13":"purchasable","14":"product-type-simple"},"acf":[],"_links":{"self":[{"href":"https:\/\/www.ernstbrunn-apotheke.at\/katalog\/wp-json\/wp\/v2\/product\/69760","targetHints":{"allow":["GET"]}}],"collection":[{"href":"https:\/\/www.ernstbrunn-apotheke.at\/katalog\/wp-json\/wp\/v2\/product"}],"about":[{"href":"https:\/\/www.ernstbrunn-apotheke.at\/katalog\/wp-json\/wp\/v2\/types\/product"}],"wp:featuredmedia":[{"embeddable":true,"href":"https:\/\/www.ernstbrunn-apotheke.at\/katalog\/wp-json\/wp\/v2\/media\/69762"}],"wp:attachment":[{"href":"https:\/\/www.ernstbrunn-apotheke.at\/katalog\/wp-json\/wp\/v2\/media?parent=69760"}],"wp:term":[{"taxonomy":"product_brand","embeddable":true,"href":"https:\/\/www.ernstbrunn-apotheke.at\/katalog\/wp-json\/wp\/v2\/product_brand?post=69760"},{"taxonomy":"product_cat","embeddable":true,"href":"https:\/\/www.ernstbrunn-apotheke.at\/katalog\/wp-json\/wp\/v2\/product_cat?post=69760"},{"taxonomy":"product_tag","embeddable":true,"href":"https:\/\/www.ernstbrunn-apotheke.at\/katalog\/wp-json\/wp\/v2\/product_tag?post=69760"}],"curies":[{"name":"wp","href":"https:\/\/api.w.org\/{rel}","templated":true}]}}