{"id":69748,"date":"2025-11-11T18:52:16","date_gmt":"2025-11-11T17:52:16","guid":{"rendered":"https:\/\/www.ernstbrunn-apotheke.at\/katalog\/produkt\/gum-hydral-mundspuelung-300-ml\/"},"modified":"2025-12-08T18:09:21","modified_gmt":"2025-12-08T17:09:21","slug":"gum-hydral-mundspuelung-300-ml","status":"publish","type":"product","link":"https:\/\/www.ernstbrunn-apotheke.at\/katalog\/produkt\/gum-hydral-mundspuelung-300-ml\/","title":{"rendered":"Gum Hydral Mundsp\u00fclung 300 ml"},"content":{"rendered":"<p>Gum Hydral Mundsp\u00fclung bietet sofortige und langanhaltende Linderung bei Mundtrockenheit. Die S\u00fclung ist ideal zur Einbindung in die t\u00e4gliche Mund- und Zahnpflege geeignet und kann bis zu 5 mal t\u00e4glich angewendet werden. Sie dient zur Unterst\u00fctzung der Zahnschmelzremineralisation und zum Schutz vor Karies. Benetzt das orale Gewebe f\u00fcr zus\u00e4tzliche Befeuchtung und Komfort dank der h\u00f6heren Viskosit\u00e4t.<\/p>\n","protected":false},"excerpt":{"rendered":"<p>Gum Hydral Mundsp\u00fclung bietet sofortige und langanhaltende Linderung bei Mundtrockenheit. Die S\u00fclung ist ideal zur Einbindung in die t\u00e4gliche Mund- und Zahnpflege geeignet und kann bis zu 5 mal t\u00e4glich angewendet werden. Sie dient zur Unterst\u00fctzung der Zahnschmelzremineralisation und zum Schutz vor Karies. Benetzt das orale Gewebe f\u00fcr zus\u00e4tzliche Befeuchtung und Komfort dank der h\u00f6heren [&hellip;]<\/p>\n","protected":false},"featured_media":69750,"template":"","meta":{"_acf_changed":false},"product_brand":[894],"product_cat":[810],"product_tag":[],"class_list":{"0":"post-69748","1":"product","2":"type-product","3":"status-publish","4":"has-post-thumbnail","6":"product_brand-g-u-m","7":"product_cat-g","8":"pa_packungsgroesse-300ml","10":"first","11":"instock","12":"shipping-taxable","13":"purchasable","14":"product-type-simple"},"acf":[],"_links":{"self":[{"href":"https:\/\/www.ernstbrunn-apotheke.at\/katalog\/wp-json\/wp\/v2\/product\/69748","targetHints":{"allow":["GET"]}}],"collection":[{"href":"https:\/\/www.ernstbrunn-apotheke.at\/katalog\/wp-json\/wp\/v2\/product"}],"about":[{"href":"https:\/\/www.ernstbrunn-apotheke.at\/katalog\/wp-json\/wp\/v2\/types\/product"}],"wp:featuredmedia":[{"embeddable":true,"href":"https:\/\/www.ernstbrunn-apotheke.at\/katalog\/wp-json\/wp\/v2\/media\/69750"}],"wp:attachment":[{"href":"https:\/\/www.ernstbrunn-apotheke.at\/katalog\/wp-json\/wp\/v2\/media?parent=69748"}],"wp:term":[{"taxonomy":"product_brand","embeddable":true,"href":"https:\/\/www.ernstbrunn-apotheke.at\/katalog\/wp-json\/wp\/v2\/product_brand?post=69748"},{"taxonomy":"product_cat","embeddable":true,"href":"https:\/\/www.ernstbrunn-apotheke.at\/katalog\/wp-json\/wp\/v2\/product_cat?post=69748"},{"taxonomy":"product_tag","embeddable":true,"href":"https:\/\/www.ernstbrunn-apotheke.at\/katalog\/wp-json\/wp\/v2\/product_tag?post=69748"}],"curies":[{"name":"wp","href":"https:\/\/api.w.org\/{rel}","templated":true}]}}