{"id":69682,"date":"2025-11-11T18:50:37","date_gmt":"2025-11-11T17:50:37","guid":{"rendered":"https:\/\/www.ernstbrunn-apotheke.at\/katalog\/produkt\/vegacap-fruchtsaftbaeren-200-g-beerenfruechte\/"},"modified":"2025-12-08T18:08:52","modified_gmt":"2025-12-08T17:08:52","slug":"vegacap-fruchtsaftbaeren-200-g-beerenfruechte","status":"publish","type":"product","link":"https:\/\/www.ernstbrunn-apotheke.at\/katalog\/produkt\/vegacap-fruchtsaftbaeren-200-g-beerenfruechte\/","title":{"rendered":"Vegacap Fruchtsaftb\u00e4ren 200 g Beerenfr\u00fcchte"},"content":{"rendered":"<p>Vegacap Fruchtsaftb\u00e4ren werden mit dem Anspruch auf eine au\u00dfergew\u00f6hnliche Premium-Qualit\u00e4t nur durch beste Zutaten hergestellt. Die Fruchtsaftb\u00e4ren zeichnen sich dadurch aus, dass sie 100% vegan und somit vollst\u00e4ndig frei von tierischen Zutaten sind. Das verf\u00fchrerische Aussehen, der fruchtige Geruch und die saftige Konsistenz bieten ein au\u00dfergew\u00f6hnliches Geschmackserlebnis.<\/p>\n","protected":false},"excerpt":{"rendered":"<p>Vegacap Fruchtsaftb\u00e4ren werden mit dem Anspruch auf eine au\u00dfergew\u00f6hnliche Premium-Qualit\u00e4t nur durch beste Zutaten hergestellt. Die Fruchtsaftb\u00e4ren zeichnen sich dadurch aus, dass sie 100% vegan und somit vollst\u00e4ndig frei von tierischen Zutaten sind. Das verf\u00fchrerische Aussehen, der fruchtige Geruch und die saftige Konsistenz bieten ein au\u00dfergew\u00f6hnliches Geschmackserlebnis.<\/p>\n","protected":false},"featured_media":69684,"template":"","meta":{"_acf_changed":false},"product_brand":[],"product_cat":[799],"product_tag":[],"class_list":{"0":"post-69682","1":"product","2":"type-product","3":"status-publish","4":"has-post-thumbnail","6":"product_cat-v","7":"pa_packungsgroesse-200g","9":"first","10":"instock","11":"shipping-taxable","12":"purchasable","13":"product-type-simple"},"acf":[],"_links":{"self":[{"href":"https:\/\/www.ernstbrunn-apotheke.at\/katalog\/wp-json\/wp\/v2\/product\/69682","targetHints":{"allow":["GET"]}}],"collection":[{"href":"https:\/\/www.ernstbrunn-apotheke.at\/katalog\/wp-json\/wp\/v2\/product"}],"about":[{"href":"https:\/\/www.ernstbrunn-apotheke.at\/katalog\/wp-json\/wp\/v2\/types\/product"}],"wp:featuredmedia":[{"embeddable":true,"href":"https:\/\/www.ernstbrunn-apotheke.at\/katalog\/wp-json\/wp\/v2\/media\/69684"}],"wp:attachment":[{"href":"https:\/\/www.ernstbrunn-apotheke.at\/katalog\/wp-json\/wp\/v2\/media?parent=69682"}],"wp:term":[{"taxonomy":"product_brand","embeddable":true,"href":"https:\/\/www.ernstbrunn-apotheke.at\/katalog\/wp-json\/wp\/v2\/product_brand?post=69682"},{"taxonomy":"product_cat","embeddable":true,"href":"https:\/\/www.ernstbrunn-apotheke.at\/katalog\/wp-json\/wp\/v2\/product_cat?post=69682"},{"taxonomy":"product_tag","embeddable":true,"href":"https:\/\/www.ernstbrunn-apotheke.at\/katalog\/wp-json\/wp\/v2\/product_tag?post=69682"}],"curies":[{"name":"wp","href":"https:\/\/api.w.org\/{rel}","templated":true}]}}