{"id":69625,"date":"2025-11-11T18:49:54","date_gmt":"2025-11-11T17:49:54","guid":{"rendered":"https:\/\/www.ernstbrunn-apotheke.at\/katalog\/produkt\/ice-power-arthro-creme-60-g\/"},"modified":"2025-12-08T18:08:32","modified_gmt":"2025-12-08T17:08:32","slug":"ice-power-arthro-creme-60-g","status":"publish","type":"product","link":"https:\/\/www.ernstbrunn-apotheke.at\/katalog\/produkt\/ice-power-arthro-creme-60-g\/","title":{"rendered":"Ice Power Arthro Creme 60 g"},"content":{"rendered":"<p>Ice Power Arthro Creme zur Linderung zahlreicher Gelenkprobleme \u2013 mit bewiesener WirksamkeitIce Power Arthro Creme ist eine einzigartige K\u00fchlcreme zur Behandlung zahlreicher Gelenkprobleme. Der Ice Power K\u00fchleffekt wird durch Glucosamin, Chondroitin und MSM verbessert, die f\u00fcr das Wohlbefinden der Gelenke wesentlich sind.Ice Power Arthro Creme ist bewiesenerma\u00dfen eine sehr wirksame Gelenkcreme, da sie Schmerzen und Schwellungen in den Gelenken schnell lindert. Laut Studien lindert Power Arthro Creme den milden und m\u00e4\u00dfigen Gelenkschmerz und erh\u00f6ht die Beweglichkeit der Gelenke.<\/p>\n","protected":false},"excerpt":{"rendered":"<p>Ice Power Arthro Creme zur Linderung zahlreicher Gelenkprobleme \u2013 mit bewiesener WirksamkeitIce Power Arthro Creme ist eine einzigartige K\u00fchlcreme zur Behandlung zahlreicher Gelenkprobleme. Der Ice Power K\u00fchleffekt wird durch Glucosamin, Chondroitin und MSM verbessert, die f\u00fcr das Wohlbefinden der Gelenke wesentlich sind.Ice Power Arthro Creme ist bewiesenerma\u00dfen eine sehr wirksame Gelenkcreme, da sie Schmerzen und [&hellip;]<\/p>\n","protected":false},"featured_media":69627,"template":"","meta":{"_acf_changed":false},"product_brand":[],"product_cat":[823],"product_tag":[],"class_list":{"0":"post-69625","1":"product","2":"type-product","3":"status-publish","4":"has-post-thumbnail","6":"product_cat-i","7":"pa_packungsgroesse-60g","9":"first","10":"instock","11":"shipping-taxable","12":"purchasable","13":"product-type-simple"},"acf":[],"_links":{"self":[{"href":"https:\/\/www.ernstbrunn-apotheke.at\/katalog\/wp-json\/wp\/v2\/product\/69625","targetHints":{"allow":["GET"]}}],"collection":[{"href":"https:\/\/www.ernstbrunn-apotheke.at\/katalog\/wp-json\/wp\/v2\/product"}],"about":[{"href":"https:\/\/www.ernstbrunn-apotheke.at\/katalog\/wp-json\/wp\/v2\/types\/product"}],"wp:featuredmedia":[{"embeddable":true,"href":"https:\/\/www.ernstbrunn-apotheke.at\/katalog\/wp-json\/wp\/v2\/media\/69627"}],"wp:attachment":[{"href":"https:\/\/www.ernstbrunn-apotheke.at\/katalog\/wp-json\/wp\/v2\/media?parent=69625"}],"wp:term":[{"taxonomy":"product_brand","embeddable":true,"href":"https:\/\/www.ernstbrunn-apotheke.at\/katalog\/wp-json\/wp\/v2\/product_brand?post=69625"},{"taxonomy":"product_cat","embeddable":true,"href":"https:\/\/www.ernstbrunn-apotheke.at\/katalog\/wp-json\/wp\/v2\/product_cat?post=69625"},{"taxonomy":"product_tag","embeddable":true,"href":"https:\/\/www.ernstbrunn-apotheke.at\/katalog\/wp-json\/wp\/v2\/product_tag?post=69625"}],"curies":[{"name":"wp","href":"https:\/\/api.w.org\/{rel}","templated":true}]}}