{"id":69582,"date":"2025-11-11T18:48:59","date_gmt":"2025-11-11T17:48:59","guid":{"rendered":"https:\/\/www.ernstbrunn-apotheke.at\/katalog\/produkt\/casida-thymianbalsam-mit-myrte-fuer-erwachsene-befreit-die-nase\/"},"modified":"2025-12-08T18:08:23","modified_gmt":"2025-12-08T17:08:23","slug":"casida-thymianbalsam-mit-myrte-fuer-erwachsene-befreit-die-nase","status":"publish","type":"product","link":"https:\/\/www.ernstbrunn-apotheke.at\/katalog\/produkt\/casida-thymianbalsam-mit-myrte-fuer-erwachsene-befreit-die-nase\/","title":{"rendered":"Casida THYMIANBALSAM mit Myrte f\u00fcr Erwachsene befreit die Nase"},"content":{"rendered":"<p>Casida Thymianbalsam mit Myrte f\u00fcr Erwachsene ist ein nat\u00fcrlicher Pflegebalsam aus sorgsam ausgew\u00e4hlten \u00d6len f\u00fcr die kalte Jahreszeit. Sanft und pflegend zur Haut.<\/p>\n","protected":false},"excerpt":{"rendered":"<p>Casida Thymianbalsam mit Myrte f\u00fcr Erwachsene ist ein nat\u00fcrlicher Pflegebalsam aus sorgsam ausgew\u00e4hlten \u00d6len f\u00fcr die kalte Jahreszeit. Sanft und pflegend zur Haut.<\/p>\n","protected":false},"featured_media":69584,"template":"","meta":{"_acf_changed":false},"product_brand":[],"product_cat":[812],"product_tag":[],"class_list":{"0":"post-69582","1":"product","2":"type-product","3":"status-publish","4":"has-post-thumbnail","6":"product_cat-c","7":"pa_packungsgroesse-25g","9":"first","10":"instock","11":"shipping-taxable","12":"purchasable","13":"product-type-simple"},"acf":[],"_links":{"self":[{"href":"https:\/\/www.ernstbrunn-apotheke.at\/katalog\/wp-json\/wp\/v2\/product\/69582","targetHints":{"allow":["GET"]}}],"collection":[{"href":"https:\/\/www.ernstbrunn-apotheke.at\/katalog\/wp-json\/wp\/v2\/product"}],"about":[{"href":"https:\/\/www.ernstbrunn-apotheke.at\/katalog\/wp-json\/wp\/v2\/types\/product"}],"wp:featuredmedia":[{"embeddable":true,"href":"https:\/\/www.ernstbrunn-apotheke.at\/katalog\/wp-json\/wp\/v2\/media\/69584"}],"wp:attachment":[{"href":"https:\/\/www.ernstbrunn-apotheke.at\/katalog\/wp-json\/wp\/v2\/media?parent=69582"}],"wp:term":[{"taxonomy":"product_brand","embeddable":true,"href":"https:\/\/www.ernstbrunn-apotheke.at\/katalog\/wp-json\/wp\/v2\/product_brand?post=69582"},{"taxonomy":"product_cat","embeddable":true,"href":"https:\/\/www.ernstbrunn-apotheke.at\/katalog\/wp-json\/wp\/v2\/product_cat?post=69582"},{"taxonomy":"product_tag","embeddable":true,"href":"https:\/\/www.ernstbrunn-apotheke.at\/katalog\/wp-json\/wp\/v2\/product_tag?post=69582"}],"curies":[{"name":"wp","href":"https:\/\/api.w.org\/{rel}","templated":true}]}}