{"id":69545,"date":"2025-11-11T18:48:14","date_gmt":"2025-11-11T17:48:14","guid":{"rendered":"https:\/\/www.ernstbrunn-apotheke.at\/katalog\/produkt\/fresubin-2-kcal-drink-neutral-200-ml-x-24-stk\/"},"modified":"2025-12-08T18:08:09","modified_gmt":"2025-12-08T17:08:09","slug":"fresubin-2-kcal-drink-neutral-200-ml-x-24-stk","status":"publish","type":"product","link":"https:\/\/www.ernstbrunn-apotheke.at\/katalog\/produkt\/fresubin-2-kcal-drink-neutral-200-ml-x-24-stk\/","title":{"rendered":"Fresubin 2 kcal Drink Neutral 200 ml x 24 Stk."},"content":{"rendered":"<p>Fresubin 2 kcal Drink eignet sich zum Di\u00e4tmanagement bei Patienten mit bestehender oder drohender Mangelern\u00e4hrung oder St\u00f6rungen der Nahrungsaufnahme, insbesondere bei erh\u00f6htem Energie- und Eiwei\u00dfbedarf oder limitierter Fl\u00fcssigkeitstoleranz.<\/p>\n","protected":false},"excerpt":{"rendered":"<p>Fresubin 2 kcal Drink eignet sich zum Di\u00e4tmanagement bei Patienten mit bestehender oder drohender Mangelern\u00e4hrung oder St\u00f6rungen der Nahrungsaufnahme, insbesondere bei erh\u00f6htem Energie- und Eiwei\u00dfbedarf oder limitierter Fl\u00fcssigkeitstoleranz.<\/p>\n","protected":false},"featured_media":69547,"template":"","meta":{"_acf_changed":false},"product_brand":[],"product_cat":[809],"product_tag":[],"class_list":{"0":"post-69545","1":"product","2":"type-product","3":"status-publish","4":"has-post-thumbnail","6":"product_cat-f","7":"pa_packungsgroesse-24-stueck","9":"first","10":"instock","11":"shipping-taxable","12":"purchasable","13":"product-type-simple"},"acf":[],"_links":{"self":[{"href":"https:\/\/www.ernstbrunn-apotheke.at\/katalog\/wp-json\/wp\/v2\/product\/69545","targetHints":{"allow":["GET"]}}],"collection":[{"href":"https:\/\/www.ernstbrunn-apotheke.at\/katalog\/wp-json\/wp\/v2\/product"}],"about":[{"href":"https:\/\/www.ernstbrunn-apotheke.at\/katalog\/wp-json\/wp\/v2\/types\/product"}],"wp:featuredmedia":[{"embeddable":true,"href":"https:\/\/www.ernstbrunn-apotheke.at\/katalog\/wp-json\/wp\/v2\/media\/69547"}],"wp:attachment":[{"href":"https:\/\/www.ernstbrunn-apotheke.at\/katalog\/wp-json\/wp\/v2\/media?parent=69545"}],"wp:term":[{"taxonomy":"product_brand","embeddable":true,"href":"https:\/\/www.ernstbrunn-apotheke.at\/katalog\/wp-json\/wp\/v2\/product_brand?post=69545"},{"taxonomy":"product_cat","embeddable":true,"href":"https:\/\/www.ernstbrunn-apotheke.at\/katalog\/wp-json\/wp\/v2\/product_cat?post=69545"},{"taxonomy":"product_tag","embeddable":true,"href":"https:\/\/www.ernstbrunn-apotheke.at\/katalog\/wp-json\/wp\/v2\/product_tag?post=69545"}],"curies":[{"name":"wp","href":"https:\/\/api.w.org\/{rel}","templated":true}]}}