{"id":69514,"date":"2025-11-11T18:47:33","date_gmt":"2025-11-11T17:47:33","guid":{"rendered":"https:\/\/www.ernstbrunn-apotheke.at\/katalog\/produkt\/seewald-aetherisches-kraeuterelixier-50-ml\/"},"modified":"2025-12-08T18:07:55","modified_gmt":"2025-12-08T17:07:55","slug":"seewald-aetherisches-kraeuterelixier-50-ml","status":"publish","type":"product","link":"https:\/\/www.ernstbrunn-apotheke.at\/katalog\/produkt\/seewald-aetherisches-kraeuterelixier-50-ml\/","title":{"rendered":"SEEWALD \u00c4therisches Kr\u00e4uterelixier 50 ml"},"content":{"rendered":"<p>Das SEEWALD Kr\u00e4uterelixier ist ein Nahrungserg\u00e4nzungsmittel bestehend aus einer Vielfalt an wohltuenden \u00e4therischen \u00d6len nach alter Klostertradition, dazu z\u00e4hlen Alant, Eibisch, Thymian, Spitzwegerich, Schl\u00fcsselblume, K\u00f6nigskerze, Fenchel, Sternanis, Salbei und Johanniskraut. Die ausgew\u00e4hlte Zusammensetzung kann durch die erw\u00e4rmenden Eigenschaften der Kr\u00e4uter z.B. in der kalten Jahreszeit oder w\u00e4hrend der Heizperiode Erleichterung bringen und in seelisch-geistigen Belastungssituationen die innere Balance wiederherstellen.<\/p>\n","protected":false},"excerpt":{"rendered":"<p>Das SEEWALD Kr\u00e4uterelixier ist ein Nahrungserg\u00e4nzungsmittel bestehend aus einer Vielfalt an wohltuenden \u00e4therischen \u00d6len nach alter Klostertradition, dazu z\u00e4hlen Alant, Eibisch, Thymian, Spitzwegerich, Schl\u00fcsselblume, K\u00f6nigskerze, Fenchel, Sternanis, Salbei und Johanniskraut. Die ausgew\u00e4hlte Zusammensetzung kann durch die erw\u00e4rmenden Eigenschaften der Kr\u00e4uter z.B. in der kalten Jahreszeit oder w\u00e4hrend der Heizperiode Erleichterung bringen und in seelisch-geistigen Belastungssituationen [&hellip;]<\/p>\n","protected":false},"featured_media":0,"template":"","meta":{"_acf_changed":false},"product_brand":[1067],"product_cat":[791],"product_tag":[],"class_list":{"0":"post-69514","1":"product","2":"type-product","3":"status-publish","5":"product_brand-seewald","6":"product_cat-s","7":"pa_packungsgroesse-50ml","9":"first","10":"instock","11":"shipping-taxable","12":"purchasable","13":"product-type-simple"},"acf":[],"_links":{"self":[{"href":"https:\/\/www.ernstbrunn-apotheke.at\/katalog\/wp-json\/wp\/v2\/product\/69514","targetHints":{"allow":["GET"]}}],"collection":[{"href":"https:\/\/www.ernstbrunn-apotheke.at\/katalog\/wp-json\/wp\/v2\/product"}],"about":[{"href":"https:\/\/www.ernstbrunn-apotheke.at\/katalog\/wp-json\/wp\/v2\/types\/product"}],"wp:attachment":[{"href":"https:\/\/www.ernstbrunn-apotheke.at\/katalog\/wp-json\/wp\/v2\/media?parent=69514"}],"wp:term":[{"taxonomy":"product_brand","embeddable":true,"href":"https:\/\/www.ernstbrunn-apotheke.at\/katalog\/wp-json\/wp\/v2\/product_brand?post=69514"},{"taxonomy":"product_cat","embeddable":true,"href":"https:\/\/www.ernstbrunn-apotheke.at\/katalog\/wp-json\/wp\/v2\/product_cat?post=69514"},{"taxonomy":"product_tag","embeddable":true,"href":"https:\/\/www.ernstbrunn-apotheke.at\/katalog\/wp-json\/wp\/v2\/product_tag?post=69514"}],"curies":[{"name":"wp","href":"https:\/\/api.w.org\/{rel}","templated":true}]}}