{"id":69500,"date":"2025-11-11T18:47:33","date_gmt":"2025-11-11T17:47:33","guid":{"rendered":"https:\/\/www.ernstbrunn-apotheke.at\/katalog\/produkt\/adler-pharma-mineralstoffsalbe-nr-5-kalium-phosphat-2\/"},"modified":"2025-12-08T18:07:46","modified_gmt":"2025-12-08T17:07:46","slug":"adler-pharma-mineralstoffsalbe-nr-5-kalium-phosphat-2","status":"publish","type":"product","link":"https:\/\/www.ernstbrunn-apotheke.at\/katalog\/produkt\/adler-pharma-mineralstoffsalbe-nr-5-kalium-phosphat-2\/","title":{"rendered":"Adler Pharma Mineralstoffsalbe Nr. 5 Kalium Phosphat"},"content":{"rendered":"<p>Mineralstoffsalbe Nr. 5 Kalium Phosphat wird bei schlecht heilenden Wunden ebenso eingesetzt wie bei Geschw\u00fcren und Gewebsnekrosen. Auch Quetschungen und Muskel\u00fcberlastungen wie etwa ein Tennisarm z\u00e4hlen zum Einsatz der Salbe. Auch bei Gesichtsl\u00e4hmungen schafft sie Abhilfe.<\/p>\n","protected":false},"excerpt":{"rendered":"<p>Mineralstoffsalbe Nr. 5 Kalium Phosphat wird bei schlecht heilenden Wunden ebenso eingesetzt wie bei Geschw\u00fcren und Gewebsnekrosen. Auch Quetschungen und Muskel\u00fcberlastungen wie etwa ein Tennisarm z\u00e4hlen zum Einsatz der Salbe. Auch bei Gesichtsl\u00e4hmungen schafft sie Abhilfe.<\/p>\n","protected":false},"featured_media":69502,"template":"","meta":{"_acf_changed":false},"product_brand":[928],"product_cat":[801],"product_tag":[],"class_list":{"0":"post-69500","1":"product","2":"type-product","3":"status-publish","4":"has-post-thumbnail","6":"product_brand-adler-pharma","7":"product_cat-a","8":"pa_farbe-weiss","9":"pa_geschmack-neutral","10":"pa_packungsgroesse-200ml","12":"first","13":"instock","14":"shipping-taxable","15":"purchasable","16":"product-type-simple"},"acf":[],"_links":{"self":[{"href":"https:\/\/www.ernstbrunn-apotheke.at\/katalog\/wp-json\/wp\/v2\/product\/69500","targetHints":{"allow":["GET"]}}],"collection":[{"href":"https:\/\/www.ernstbrunn-apotheke.at\/katalog\/wp-json\/wp\/v2\/product"}],"about":[{"href":"https:\/\/www.ernstbrunn-apotheke.at\/katalog\/wp-json\/wp\/v2\/types\/product"}],"wp:featuredmedia":[{"embeddable":true,"href":"https:\/\/www.ernstbrunn-apotheke.at\/katalog\/wp-json\/wp\/v2\/media\/69502"}],"wp:attachment":[{"href":"https:\/\/www.ernstbrunn-apotheke.at\/katalog\/wp-json\/wp\/v2\/media?parent=69500"}],"wp:term":[{"taxonomy":"product_brand","embeddable":true,"href":"https:\/\/www.ernstbrunn-apotheke.at\/katalog\/wp-json\/wp\/v2\/product_brand?post=69500"},{"taxonomy":"product_cat","embeddable":true,"href":"https:\/\/www.ernstbrunn-apotheke.at\/katalog\/wp-json\/wp\/v2\/product_cat?post=69500"},{"taxonomy":"product_tag","embeddable":true,"href":"https:\/\/www.ernstbrunn-apotheke.at\/katalog\/wp-json\/wp\/v2\/product_tag?post=69500"}],"curies":[{"name":"wp","href":"https:\/\/api.w.org\/{rel}","templated":true}]}}