{"id":69367,"date":"2025-11-11T18:45:22","date_gmt":"2025-11-11T17:45:22","guid":{"rendered":"https:\/\/www.ernstbrunn-apotheke.at\/katalog\/produkt\/hafesan-magnesium-calcium-kapseln\/"},"modified":"2025-12-08T18:07:12","modified_gmt":"2025-12-08T17:07:12","slug":"hafesan-magnesium-calcium-kapseln","status":"publish","type":"product","link":"https:\/\/www.ernstbrunn-apotheke.at\/katalog\/produkt\/hafesan-magnesium-calcium-kapseln\/","title":{"rendered":"Hafesan Magnesium Calcium Kapseln"},"content":{"rendered":"<p>Hafesan\u00ae Magnesium Calcium Kapseln unterst\u00fctzen den K\u00f6rper bei der Erhaltung von Knochen und Z\u00e4hnen, und leisten einen Beitrag zur Funktionsf\u00e4higkeit der Muskeln und des Nervensystems.<\/p>\n","protected":false},"excerpt":{"rendered":"<p>Hafesan\u00ae Magnesium Calcium Kapseln unterst\u00fctzen den K\u00f6rper bei der Erhaltung von Knochen und Z\u00e4hnen, und leisten einen Beitrag zur Funktionsf\u00e4higkeit der Muskeln und des Nervensystems.<\/p>\n","protected":false},"featured_media":69369,"template":"","meta":{"_acf_changed":false},"product_brand":[376],"product_cat":[805],"product_tag":[],"class_list":{"0":"post-69367","1":"product","2":"type-product","3":"status-publish","4":"has-post-thumbnail","6":"product_brand-hafesan","7":"product_cat-h","8":"pa_packungsgroesse-75-stueck","10":"first","11":"instock","12":"shipping-taxable","13":"purchasable","14":"product-type-simple"},"acf":[],"_links":{"self":[{"href":"https:\/\/www.ernstbrunn-apotheke.at\/katalog\/wp-json\/wp\/v2\/product\/69367","targetHints":{"allow":["GET"]}}],"collection":[{"href":"https:\/\/www.ernstbrunn-apotheke.at\/katalog\/wp-json\/wp\/v2\/product"}],"about":[{"href":"https:\/\/www.ernstbrunn-apotheke.at\/katalog\/wp-json\/wp\/v2\/types\/product"}],"wp:featuredmedia":[{"embeddable":true,"href":"https:\/\/www.ernstbrunn-apotheke.at\/katalog\/wp-json\/wp\/v2\/media\/69369"}],"wp:attachment":[{"href":"https:\/\/www.ernstbrunn-apotheke.at\/katalog\/wp-json\/wp\/v2\/media?parent=69367"}],"wp:term":[{"taxonomy":"product_brand","embeddable":true,"href":"https:\/\/www.ernstbrunn-apotheke.at\/katalog\/wp-json\/wp\/v2\/product_brand?post=69367"},{"taxonomy":"product_cat","embeddable":true,"href":"https:\/\/www.ernstbrunn-apotheke.at\/katalog\/wp-json\/wp\/v2\/product_cat?post=69367"},{"taxonomy":"product_tag","embeddable":true,"href":"https:\/\/www.ernstbrunn-apotheke.at\/katalog\/wp-json\/wp\/v2\/product_tag?post=69367"}],"curies":[{"name":"wp","href":"https:\/\/api.w.org\/{rel}","templated":true}]}}